{"id":21,"date":"2025-08-28T21:45:42","date_gmt":"2025-08-28T21:45:42","guid":{"rendered":"http:\/\/www.lesroutesdelesperance.fr\/?page_id=21"},"modified":"2025-12-10T13:30:26","modified_gmt":"2025-12-10T13:30:26","slug":"qui-sommes-nous","status":"publish","type":"page","link":"https:\/\/www.lesroutesdelesperance.fr\/index.php\/qui-sommes-nous\/","title":{"rendered":"Qui sommes nous ?"},"content":{"rendered":"\n<h2 class=\"wp-block-heading has-text-align-center\">La passion des autos au service des enfants malades<\/h2>\n\n\n\n<div class=\"wp-block-columns is-layout-flex wp-container-core-columns-is-layout-9d6595d7 wp-block-columns-is-layout-flex\">\n<div class=\"wp-block-column is-layout-flow wp-block-column-is-layout-flow\" style=\"flex-basis:25%\"><\/div>\n\n\n\n<div class=\"wp-block-column is-layout-flow wp-block-column-is-layout-flow\" style=\"flex-basis:50%\"><div class=\"wp-block-image\">\n<figure class=\"aligncenter size-full\"><img decoding=\"async\" width=\"250\" height=\"188\" src=\"https:\/\/www.lesroutesdelesperance.fr\/wp-content\/uploads\/2025\/09\/POLE-POSITION-3.png\" alt=\"\" class=\"wp-image-653\"\/><\/figure>\n<\/div><\/div>\n\n\n\n<div class=\"wp-block-column is-layout-flow wp-block-column-is-layout-flow\" style=\"flex-basis:25%\"><\/div>\n<\/div>\n\n\n\n<div style=\"height:27px\" aria-hidden=\"true\" class=\"wp-block-spacer\"><\/div>\n\n\n\n<p>\u00ab&nbsp;Les routes de l\u2019esp\u00e9rance&nbsp;\u00bb est une association caritative dont l\u2019objet est de collecter des fonds destin\u00e9s \u00e0 l\u2019am\u00e9lioration du bien-\u00eatre d\u2019enfants et adolescents atteints du cancer ou d\u2019une maladie similaire, gr\u00e2ce \u00e0 l\u2019organisation d\u2019\u00e9v\u00e8nements autour de v\u00e9hicules anciens d\u2019exception, de type young timer ou old timer, motos, camions, cycles. La liste n\u2019est pas exhaustive !<\/p>\n\n\n\n<p>L\u2019association organise des expositions festives et familiales, autour des voitures de nos membres. C\u2019est l\u2019occasion de d\u00e9couvrir de belles anciennes qui feront briller vos yeux. Pour nos membres et partenaires, il s\u2019agit de se rendre utile en servant une cause philanthropique. Les b\u00e9n\u00e9fices de nos activit\u00e9s sont revers\u00e9s annuellement aux organismes de sant\u00e9.<\/p>\n\n\n\n<p>L&rsquo;association Les routes de l&rsquo;esp\u00e9rance est n\u00e9e de la passion de deux amis pour l&rsquo;automobile : Pierre MOIGNET et Emmanuel RICAN. Les deux comp\u00e8res souhaitent r\u00e9unir tous les amoureux des anciennes, autour d&rsquo;une bonne cause : le bien-\u00eatre des enfants malades. Ce th\u00e8me n&rsquo;a, \u00e9videmment, pas \u00e9t\u00e9 choisi par hasard. Notre ambition est donc de servir cette cause \u00e0 travers notre passion pour l&rsquo;automobile.<\/p>\n\n\n\n<p>Nous comptons sur votre soutien, en adh\u00e9rent en tant que membre actif ou membre bienfaiteur.<\/p>\n\n\n\n<div style=\"height:113px\" aria-hidden=\"true\" class=\"wp-block-spacer\"><\/div>\n\n\n\n<div class=\"wp-block-columns is-layout-flex wp-container-core-columns-is-layout-9d6595d7 wp-block-columns-is-layout-flex\">\n<div class=\"wp-block-column is-layout-flow wp-block-column-is-layout-flow\"><div class=\"wp-block-image\">\n<figure class=\"alignleft size-full\"><a href=\"https:\/\/www.azerty.legal\/index.php\/equipe\/\" target=\"_blank\" rel=\" noreferrer noopener\"><img decoding=\"async\" width=\"200\" height=\"218\" src=\"https:\/\/www.lesroutesdelesperance.fr\/wp-content\/uploads\/2025\/09\/PHOTO-PM.png\" alt=\"\" class=\"wp-image-728\"\/><\/a><\/figure>\n<\/div><\/div>\n\n\n\n<div class=\"wp-block-column is-layout-flow wp-block-column-is-layout-flow\">\n<figure class=\"wp-block-image size-large is-resized\"><a href=\"https:\/\/www.linkedin.com\/in\/emmanuel-rican-6b9005a7\/\" target=\"_blank\" rel=\" noreferrer noopener\"><img fetchpriority=\"high\" decoding=\"async\" width=\"1024\" height=\"576\" src=\"https:\/\/www.lesroutesdelesperance.fr\/wp-content\/uploads\/2025\/10\/IMG_02541-1024x576.jpg\" alt=\"\" class=\"wp-image-755\" style=\"width:404px;height:auto\" srcset=\"https:\/\/www.lesroutesdelesperance.fr\/wp-content\/uploads\/2025\/10\/IMG_02541-1024x576.jpg 1024w, https:\/\/www.lesroutesdelesperance.fr\/wp-content\/uploads\/2025\/10\/IMG_02541-300x169.jpg 300w, https:\/\/www.lesroutesdelesperance.fr\/wp-content\/uploads\/2025\/10\/IMG_02541-768x432.jpg 768w, https:\/\/www.lesroutesdelesperance.fr\/wp-content\/uploads\/2025\/10\/IMG_02541-600x337.jpg 600w, https:\/\/www.lesroutesdelesperance.fr\/wp-content\/uploads\/2025\/10\/IMG_02541.jpg 1334w\" sizes=\"(max-width: 1024px) 100vw, 1024px\" \/><\/a><\/figure>\n<\/div>\n<\/div>\n\n\n\n<div class=\"wp-block-columns is-layout-flex wp-container-core-columns-is-layout-9d6595d7 wp-block-columns-is-layout-flex\">\n<div class=\"wp-block-column is-layout-flow wp-block-column-is-layout-flow\">\n<p><strong>Pierre MOIGNET, Pr\u00e9sident<\/strong><\/p>\n<\/div>\n\n\n\n<div class=\"wp-block-column is-layout-flow wp-block-column-is-layout-flow\">\n<p><strong>Emmanuel RICAN, Vice-pr\u00e9sident<\/strong><\/p>\n<\/div>\n<\/div>\n\n\n\n<div class=\"wp-block-columns is-layout-flex wp-container-core-columns-is-layout-9d6595d7 wp-block-columns-is-layout-flex\">\n<div class=\"wp-block-column is-layout-flow wp-block-column-is-layout-flow\">\n<p>Chers amis,<\/p>\n\n\n\n<p>Chaque ann\u00e9e en France, environ 2000 jeunes de moins de 18 ans sont atteints du cancer. Emmanuel et moi-m\u00eame n&rsquo;avons pas pu nous r\u00e9soudre \u00e0 cr\u00e9er une association de passionn\u00e9s d&rsquo;automobiles sans inscrire notre action dans un cadre plus grand.<\/p>\n\n\n\n<p>Nous avons donc trac\u00e9 une route qui aidera ces enfants, nous l&rsquo;esp\u00e9rons, \u00e0 mieux supporter les parcours de soins auxquels eux et leurs familles doivent faire face pour atteindre la gu\u00e9rison. Plus qu&rsquo;un simple espoir, cette route de l&rsquo;esp\u00e9rance sera pour les jeunes patients une force afin qu&rsquo;ils puissent traverser cette \u00e9preuve avec davantage de facilit\u00e9. Notre r\u00f4le, aussi modeste soit-il, participe \u00e0 l&rsquo;am\u00e9lioration de leur bien-\u00eatre. Les routes de l&rsquo;esp\u00e9rance ne cherche ni la lumi\u00e8re, ni la publicit\u00e9, mais l&rsquo;action r\u00e9elle, discr\u00e8te et concr\u00e8te pour eux.<\/p>\n\n\n\n<p><strong>Si vous aussi vous partagez cette vision, passez la premi\u00e8re, et rejoignez-nous en devenant moteurs d&rsquo;espoir<\/strong> !<\/p>\n<\/div>\n\n\n\n<div class=\"wp-block-column is-layout-flow wp-block-column-is-layout-flow\">\n<p>Les Routes de l\u2019Esp\u00e9rance, c\u2019est avant tout une aventure humaine, port\u00e9e par le c\u0153ur et la solidarit\u00e9. Notre association a pour mission d\u2019apporter soutien et r\u00e9confort aux enfants et adolescents touch\u00e9s par le cancer, en r\u00e9coltant des fonds pour am\u00e9liorer leur quotidien et celui de leurs familles.<\/p>\n\n\n\n<p>Pour cela, nous r\u00e9unissons des passionn\u00e9s d&rsquo;anciennes lors d\u2019expositions et de rassemblements o\u00f9 la m\u00e9canique et l\u2019histoire se m\u00ealent \u00e0 la g\u00e9n\u00e9rosit\u00e9. Chaque rencontre devient un moment de partage, o\u00f9 l\u2019amour des belles voitures sert une cause bien plus grande.<\/p>\n\n\n\n<p>Nos valeurs sont simples et essentielles : la bienveillance, le partage, l\u2019esprit de famille et la passion automobile. Nous croyons qu\u2019ensemble, nous pouvons transformer une passion commune en v\u00e9ritable moteur d\u2019esp\u00e9rance.<\/p>\n\n\n\n<p>Chaque geste, chaque pr\u00e9sence, chaque sourire nous encourage \u00e0 nous battre pour cette belle association. Rejoindre Les Routes de l\u2019Esp\u00e9rance, c\u2019est rouler main dans la main vers un avenir plus lumineux pour ces enfants et leurs familles.<\/p>\n<\/div>\n<\/div>\n\n\n\n<div style=\"height:99px\" aria-hidden=\"true\" class=\"wp-block-spacer\"><\/div>\n\n\n\n<div class=\"wp-block-columns is-layout-flex wp-container-core-columns-is-layout-9d6595d7 wp-block-columns-is-layout-flex\">\n<div class=\"wp-block-column is-layout-flow wp-block-column-is-layout-flow\" style=\"flex-basis:25%\"><\/div>\n\n\n\n<div class=\"wp-block-column is-layout-flow wp-block-column-is-layout-flow\" style=\"flex-basis:50%\">\n<div class=\"wp-block-buttons is-content-justification-center is-layout-flex wp-container-core-buttons-is-layout-16018d1d wp-block-buttons-is-layout-flex\">\n<div class=\"wp-block-button\"><a class=\"wp-block-button__link has-background wp-element-button\" style=\"background-color:#00546b\">Adh\u00e9sions<\/a><\/div>\n<\/div>\n<\/div>\n\n\n\n<div class=\"wp-block-column is-layout-flow wp-block-column-is-layout-flow\" style=\"flex-basis:25%\"><\/div>\n<\/div>\n\n\n\n<div style=\"height:185px\" aria-hidden=\"true\" class=\"wp-block-spacer\"><\/div>\n\n\n\n<h2 class=\"wp-block-heading has-text-align-center\"><strong>EN POLE POSITION CONTRE LE CANCER !<\/strong><\/h2>\n\n\n\n<p class=\"has-text-align-center\"><\/p>\n\n\n\n<p class=\"has-text-align-center\"><\/p>\n\n\n\n<div style=\"height:0px\" aria-hidden=\"true\" class=\"wp-block-spacer\"><\/div>\n\n\n\n<div class=\"wp-block-columns is-layout-flex wp-container-core-columns-is-layout-9d6595d7 wp-block-columns-is-layout-flex\">\n<div class=\"wp-block-column is-vertically-aligned-center is-layout-flow wp-block-column-is-layout-flow\"><div class=\"wp-block-image\">\n<figure class=\"aligncenter size-full is-resized\"><img loading=\"lazy\" decoding=\"async\" width=\"227\" height=\"148\" src=\"https:\/\/www.lesroutesdelesperance.fr\/wp-content\/uploads\/2025\/09\/Unknown-1-removebg-preview-copie.png\" alt=\"\" class=\"wp-image-411\" style=\"width:227px;height:auto\"\/><\/figure>\n<\/div><\/div>\n\n\n\n<div class=\"wp-block-column is-vertically-aligned-center is-layout-flow wp-block-column-is-layout-flow\"><div class=\"wp-block-image\">\n<figure class=\"aligncenter size-medium\"><img loading=\"lazy\" decoding=\"async\" width=\"300\" height=\"205\" src=\"https:\/\/www.lesroutesdelesperance.fr\/wp-content\/uploads\/2025\/09\/Sans-titre-2.1-1-300x205.jpeg\" alt=\"\" class=\"wp-image-432\" srcset=\"https:\/\/www.lesroutesdelesperance.fr\/wp-content\/uploads\/2025\/09\/Sans-titre-2.1-1-300x205.jpeg 300w, https:\/\/www.lesroutesdelesperance.fr\/wp-content\/uploads\/2025\/09\/Sans-titre-2.1-1.jpeg 532w\" sizes=\"(max-width: 300px) 100vw, 300px\" \/><\/figure>\n<\/div><\/div>\n\n\n\n<div class=\"wp-block-column is-vertically-aligned-center is-layout-flow wp-block-column-is-layout-flow\">\n<figure class=\"wp-block-image size-full\"><img loading=\"lazy\" decoding=\"async\" width=\"207\" height=\"148\" src=\"https:\/\/www.lesroutesdelesperance.fr\/wp-content\/uploads\/2025\/08\/Unknown-3-removebg-preview-1.png\" alt=\"\" class=\"wp-image-134\"\/><\/figure>\n<\/div>\n<\/div>\n\n\n\n<div style=\"height:185px\" aria-hidden=\"true\" class=\"wp-block-spacer\"><\/div>\n\n\n\n<div class=\"wp-block-file aligncenter\"><a href=\"https:\/\/www.lesroutesdelesperance.fr\/wp-content\/uploads\/2025\/09\/FLYER-LRDE.1-1.jpeg\" class=\"wp-block-file__button wp-element-button\" download>T\u00e9l\u00e9charger<\/a><\/div>\n\n\n\n<div class=\"wp-block-columns is-layout-flex wp-container-core-columns-is-layout-9d6595d7 wp-block-columns-is-layout-flex\">\n<div class=\"wp-block-column is-layout-flow wp-block-column-is-layout-flow\"><div class=\"wp-block-image\">\n<figure class=\"aligncenter size-large\"><img loading=\"lazy\" decoding=\"async\" width=\"724\" height=\"1024\" src=\"https:\/\/www.lesroutesdelesperance.fr\/wp-content\/uploads\/2025\/09\/FLYER-LRDE.1-724x1024.jpeg\" alt=\"\" class=\"wp-image-370\" srcset=\"https:\/\/www.lesroutesdelesperance.fr\/wp-content\/uploads\/2025\/09\/FLYER-LRDE.1-724x1024.jpeg 724w, https:\/\/www.lesroutesdelesperance.fr\/wp-content\/uploads\/2025\/09\/FLYER-LRDE.1-212x300.jpeg 212w, https:\/\/www.lesroutesdelesperance.fr\/wp-content\/uploads\/2025\/09\/FLYER-LRDE.1-768x1086.jpeg 768w, https:\/\/www.lesroutesdelesperance.fr\/wp-content\/uploads\/2025\/09\/FLYER-LRDE.1-1086x1536.jpeg 1086w, https:\/\/www.lesroutesdelesperance.fr\/wp-content\/uploads\/2025\/09\/FLYER-LRDE.1-600x849.jpeg 600w, https:\/\/www.lesroutesdelesperance.fr\/wp-content\/uploads\/2025\/09\/FLYER-LRDE.1.jpeg 1190w\" sizes=\"(max-width: 724px) 100vw, 724px\" \/><\/figure>\n<\/div><\/div>\n<\/div>\n\n\n\n<div style=\"height:100px\" aria-hidden=\"true\" class=\"wp-block-spacer\"><\/div>\n\n\n\n<div style=\"height:100px\" aria-hidden=\"true\" class=\"wp-block-spacer\"><\/div>\n\n\n\n<div class=\"wp-block-columns is-layout-flex wp-container-core-columns-is-layout-9d6595d7 wp-block-columns-is-layout-flex\">\n<div class=\"wp-block-column is-layout-flow wp-block-column-is-layout-flow\" style=\"flex-basis:25%\"><\/div>\n\n\n\n<div class=\"wp-block-column is-layout-flow wp-block-column-is-layout-flow\" style=\"flex-basis:50%\">\n<div class=\"wp-block-buttons is-content-justification-center is-layout-flex wp-container-core-buttons-is-layout-16018d1d wp-block-buttons-is-layout-flex\">\n<div class=\"wp-block-button\"><a class=\"wp-block-button__link has-background wp-element-button\" href=\"https:\/\/www.lesroutesdelesperance.fr\/wp-admin\/post.php?post=880&amp;action=edit\" style=\"background-color:#00546b\" target=\"_blank\" rel=\"noreferrer noopener\">STATUTS \u00e0 JOUR<\/a><\/div>\n<\/div>\n<\/div>\n\n\n\n<div class=\"wp-block-column is-layout-flow wp-block-column-is-layout-flow\" style=\"flex-basis:25%\"><\/div>\n<\/div>\n\n\n\n<div style=\"height:100px\" aria-hidden=\"true\" class=\"wp-block-spacer\"><\/div>\n\n\n\n<div style=\"height:100px\" aria-hidden=\"true\" class=\"wp-block-spacer\"><\/div>\n\n\n\n<div style=\"height:100px\" aria-hidden=\"true\" class=\"wp-block-spacer\"><\/div>\n\n\n\n<div style=\"height:100px\" aria-hidden=\"true\" class=\"wp-block-spacer\"><\/div>\n\n\n\n<p><\/p>\n","protected":false},"excerpt":{"rendered":"<p>La passion des autos au service des enfants malades \u00ab&nbsp;Les routes de l\u2019esp\u00e9rance&nbsp;\u00bb est une association caritative dont l\u2019objet est de collecter des fonds destin\u00e9s \u00e0 l\u2019am\u00e9lioration du bien-\u00eatre d\u2019enfants et adolescents atteints du cancer ou d\u2019une maladie similaire, gr\u00e2ce [&hellip;]<\/p>\n","protected":false},"author":1,"featured_media":0,"parent":0,"menu_order":0,"comment_status":"closed","ping_status":"closed","template":"","meta":{"footnotes":""},"class_list":["post-21","page","type-page","status-publish","hentry"],"_links":{"self":[{"href":"https:\/\/www.lesroutesdelesperance.fr\/index.php\/wp-json\/wp\/v2\/pages\/21","targetHints":{"allow":["GET"]}}],"collection":[{"href":"https:\/\/www.lesroutesdelesperance.fr\/index.php\/wp-json\/wp\/v2\/pages"}],"about":[{"href":"https:\/\/www.lesroutesdelesperance.fr\/index.php\/wp-json\/wp\/v2\/types\/page"}],"author":[{"embeddable":true,"href":"https:\/\/www.lesroutesdelesperance.fr\/index.php\/wp-json\/wp\/v2\/users\/1"}],"replies":[{"embeddable":true,"href":"https:\/\/www.lesroutesdelesperance.fr\/index.php\/wp-json\/wp\/v2\/comments?post=21"}],"version-history":[{"count":50,"href":"https:\/\/www.lesroutesdelesperance.fr\/index.php\/wp-json\/wp\/v2\/pages\/21\/revisions"}],"predecessor-version":[{"id":884,"href":"https:\/\/www.lesroutesdelesperance.fr\/index.php\/wp-json\/wp\/v2\/pages\/21\/revisions\/884"}],"wp:attachment":[{"href":"https:\/\/www.lesroutesdelesperance.fr\/index.php\/wp-json\/wp\/v2\/media?parent=21"}],"curies":[{"name":"wp","href":"https:\/\/api.w.org\/{rel}","templated":true}]}}