{"id":239,"date":"2025-09-03T16:30:47","date_gmt":"2025-09-03T16:30:47","guid":{"rendered":"http:\/\/www.lesroutesdelesperance.fr\/?page_id=239"},"modified":"2025-09-26T11:41:42","modified_gmt":"2025-09-26T11:41:42","slug":"mentions-legales","status":"publish","type":"page","link":"https:\/\/www.lesroutesdelesperance.fr\/index.php\/mentions-legales\/","title":{"rendered":"Mentions l\u00e9gales"},"content":{"rendered":"\n<h2 class=\"wp-block-heading has-text-align-center\">MENTIONS LEGALES<\/h2>\n\n\n\n<div class=\"wp-block-columns is-layout-flex wp-container-core-columns-is-layout-9d6595d7 wp-block-columns-is-layout-flex\">\n<div class=\"wp-block-column is-layout-flow wp-block-column-is-layout-flow\" style=\"flex-basis:25%\"><\/div>\n\n\n\n<div class=\"wp-block-column is-layout-flow wp-block-column-is-layout-flow\" style=\"flex-basis:50%\"><div class=\"wp-block-image\">\n<figure class=\"aligncenter size-full\"><img decoding=\"async\" width=\"250\" height=\"188\" src=\"https:\/\/www.lesroutesdelesperance.fr\/wp-content\/uploads\/2025\/09\/POLE-POSITION-3.png\" alt=\"\" class=\"wp-image-653\"\/><\/figure>\n<\/div><\/div>\n\n\n\n<div class=\"wp-block-column is-layout-flow wp-block-column-is-layout-flow\" style=\"flex-basis:25%\"><\/div>\n<\/div>\n\n\n\n<div style=\"height:47px\" aria-hidden=\"true\" class=\"wp-block-spacer\"><\/div>\n\n\n\n<p class=\"has-text-align-center\">Conform\u00e9ment aux disposition de la loi n\u00b0 2004-575 du 21 juin 2004 pour la confiance en l\u2019\u00e9conomie num\u00e9rique,<\/p>\n\n\n\n<p class=\"has-text-align-center\">le Visiteur peut prendre connaissance de l\u2019identit\u00e9 des diff\u00e9rents intervenants lors de sa connexion.<\/p>\n\n\n\n<div style=\"height:47px\" aria-hidden=\"true\" class=\"wp-block-spacer\"><\/div>\n\n\n\n<p class=\"has-text-align-center\"><strong>Edition du Site :<br><\/strong>Le site www.lesroutesdelesperance.fr est \u00e9dit\u00e9 par l\u2019association Les routes de l\u2019esp\u00e9rance,<\/p>\n\n\n\n<p class=\"has-text-align-center\">association d\u00e9clar\u00e9e Loi 1901 n\u00b0 W343033825 SIREN : 990939787,<\/p>\n\n\n\n<p class=\"has-text-align-center\">et domicili\u00e9e Immeuble The Island D101, 535 rue du Mas de Verchant, \u00e0 Castelnau-le-Lez (34170).<\/p>\n\n\n\n<div style=\"height:47px\" aria-hidden=\"true\" class=\"wp-block-spacer\"><\/div>\n\n\n\n<p class=\"has-text-align-center\"><strong>Responsable de la communication :<br><\/strong>Le responsable de la communication est M. Pierre MOIGNET, en sa qualit\u00e9 de Pr\u00e9sident.<\/p>\n\n\n\n<div style=\"height:47px\" aria-hidden=\"true\" class=\"wp-block-spacer\"><\/div>\n\n\n\n<p class=\"has-text-align-center\"><strong>Nous contacter :<br><\/strong>Le responsable de la communication peut \u00eatre contact\u00e9 par courrier \u00e9lectronique \u00e0 l\u2019adresse suivante : lrdeasso (at) gmail.com,<\/p>\n\n\n\n<p class=\"has-text-align-center\">ou bien par voie postale en envoyant un courrier \u00e0 l\u2019adresse suivante :<\/p>\n\n\n\n<p class=\"has-text-align-center\">Les routes de l\u2019esp\u00e9rance<\/p>\n\n\n\n<p class=\"has-text-align-center\">Immeuble The Island D101<\/p>\n\n\n\n<p class=\"has-text-align-center\">535 rue du Mas de Verchant<\/p>\n\n\n\n<p class=\"has-text-align-center\">34170 Castelnau-le-Lez.<\/p>\n\n\n\n<div style=\"height:47px\" aria-hidden=\"true\" class=\"wp-block-spacer\"><\/div>\n\n\n\n<p class=\"has-text-align-center\"><strong>H\u00e9bergeur :<br><\/strong>Le site www.lesroutesdelesperance.fr est h\u00e9berg\u00e9 par la soci\u00e9t\u00e9 OVH \u00e0 l\u2019adresse suivante :<br>OVH, 2 rue Kellermann \u00e0 Roubaix Roubaix (France)<br>SAS au capital de 10 069 020 \u20ac<br>RCS de Lille M\u00e9tropole<br>SIREN 424 761 419 00045<br>TVA INTRACOM : FR 22 424 761 419<\/p>\n\n\n\n<div style=\"height:369px\" aria-hidden=\"true\" class=\"wp-block-spacer\"><\/div>\n","protected":false},"excerpt":{"rendered":"<p>MENTIONS LEGALES Conform\u00e9ment aux disposition de la loi n\u00b0 2004-575 du 21 juin 2004 pour la confiance en l\u2019\u00e9conomie num\u00e9rique, le Visiteur peut prendre connaissance de l\u2019identit\u00e9 des diff\u00e9rents intervenants lors de sa connexion. Edition du Site :Le site www.lesroutesdelesperance.fr [&hellip;]<\/p>\n","protected":false},"author":1,"featured_media":0,"parent":0,"menu_order":0,"comment_status":"closed","ping_status":"closed","template":"","meta":{"footnotes":""},"class_list":["post-239","page","type-page","status-publish","hentry"],"_links":{"self":[{"href":"https:\/\/www.lesroutesdelesperance.fr\/index.php\/wp-json\/wp\/v2\/pages\/239","targetHints":{"allow":["GET"]}}],"collection":[{"href":"https:\/\/www.lesroutesdelesperance.fr\/index.php\/wp-json\/wp\/v2\/pages"}],"about":[{"href":"https:\/\/www.lesroutesdelesperance.fr\/index.php\/wp-json\/wp\/v2\/types\/page"}],"author":[{"embeddable":true,"href":"https:\/\/www.lesroutesdelesperance.fr\/index.php\/wp-json\/wp\/v2\/users\/1"}],"replies":[{"embeddable":true,"href":"https:\/\/www.lesroutesdelesperance.fr\/index.php\/wp-json\/wp\/v2\/comments?post=239"}],"version-history":[{"count":12,"href":"https:\/\/www.lesroutesdelesperance.fr\/index.php\/wp-json\/wp\/v2\/pages\/239\/revisions"}],"predecessor-version":[{"id":662,"href":"https:\/\/www.lesroutesdelesperance.fr\/index.php\/wp-json\/wp\/v2\/pages\/239\/revisions\/662"}],"wp:attachment":[{"href":"https:\/\/www.lesroutesdelesperance.fr\/index.php\/wp-json\/wp\/v2\/media?parent=239"}],"curies":[{"name":"wp","href":"https:\/\/api.w.org\/{rel}","templated":true}]}}