{"id":259,"date":"2025-09-04T20:02:44","date_gmt":"2025-09-04T20:02:44","guid":{"rendered":"http:\/\/www.lesroutesdelesperance.fr\/?page_id=259"},"modified":"2026-03-17T23:30:22","modified_gmt":"2026-03-17T23:30:22","slug":"faire-un-don","status":"publish","type":"page","link":"https:\/\/www.lesroutesdelesperance.fr\/index.php\/faire-un-don\/","title":{"rendered":"Faire un don"},"content":{"rendered":"\n<h2 class=\"wp-block-heading has-text-align-center\">SOYEZ MOTEURS D&rsquo;ESPOIR !<\/h2>\n\n\n\n<div class=\"wp-block-columns is-layout-flex wp-container-core-columns-is-layout-9d6595d7 wp-block-columns-is-layout-flex\">\n<div class=\"wp-block-column is-layout-flow wp-block-column-is-layout-flow\" style=\"flex-basis:25%\"><\/div>\n\n\n\n<div class=\"wp-block-column is-layout-flow wp-block-column-is-layout-flow\" style=\"flex-basis:50%\"><div class=\"wp-block-image\">\n<figure class=\"aligncenter size-full\"><img decoding=\"async\" width=\"250\" height=\"188\" src=\"https:\/\/www.lesroutesdelesperance.fr\/wp-content\/uploads\/2025\/09\/POLE-POSITION-3.png\" alt=\"\" class=\"wp-image-653\"\/><\/figure>\n<\/div><\/div>\n\n\n\n<div class=\"wp-block-column is-layout-flow wp-block-column-is-layout-flow\" style=\"flex-basis:25%\"><\/div>\n<\/div>\n\n\n\n<div style=\"height:100px\" aria-hidden=\"true\" class=\"wp-block-spacer\"><\/div>\n\n\n\n<div class=\"wp-block-columns is-layout-flex wp-container-core-columns-is-layout-9d6595d7 wp-block-columns-is-layout-flex\">\n<div class=\"wp-block-column is-layout-flow wp-block-column-is-layout-flow\" style=\"flex-basis:25%\"><\/div>\n\n\n\n<div class=\"wp-block-column is-layout-flow wp-block-column-is-layout-flow\" style=\"flex-basis:50%\">\n<div class=\"wp-block-buttons is-content-justification-center is-layout-flex wp-container-core-buttons-is-layout-16018d1d wp-block-buttons-is-layout-flex\">\n<div class=\"wp-block-button\"><a class=\"wp-block-button__link wp-element-button\" href=\"https:\/\/www.lesroutesdelesperance.fr\/index.php\/agenda\/\">DECOUVRIR NOTRE JEU DU 29\/03\/2026<\/a><\/div>\n<\/div>\n<\/div>\n\n\n\n<div class=\"wp-block-column is-layout-flow wp-block-column-is-layout-flow\" style=\"flex-basis:25%\"><\/div>\n<\/div>\n\n\n\n<div style=\"height:100px\" aria-hidden=\"true\" class=\"wp-block-spacer\"><\/div>\n\n\n\n<div class=\"wp-block-columns is-layout-flex wp-container-core-columns-is-layout-9d6595d7 wp-block-columns-is-layout-flex\">\n<div class=\"wp-block-column is-layout-flow wp-block-column-is-layout-flow\">\n<div class=\"wp-block-media-text is-stacked-on-mobile\"><figure class=\"wp-block-media-text__media\"><a href=\"https:\/\/www.lesroutesdelesperance.fr\/index.php\/product\/don-50-e\/\"><img fetchpriority=\"high\" decoding=\"async\" width=\"1024\" height=\"1024\" src=\"https:\/\/www.lesroutesdelesperance.fr\/wp-content\/uploads\/2025\/08\/LOGO-Don-50E-1024x1024.jpeg\" alt=\"\" class=\"wp-image-122 size-full\" srcset=\"https:\/\/www.lesroutesdelesperance.fr\/wp-content\/uploads\/2025\/08\/LOGO-Don-50E-1024x1024.jpeg 1024w, https:\/\/www.lesroutesdelesperance.fr\/wp-content\/uploads\/2025\/08\/LOGO-Don-50E-300x300.jpeg 300w, https:\/\/www.lesroutesdelesperance.fr\/wp-content\/uploads\/2025\/08\/LOGO-Don-50E-150x150.jpeg 150w, https:\/\/www.lesroutesdelesperance.fr\/wp-content\/uploads\/2025\/08\/LOGO-Don-50E-768x768.jpeg 768w, https:\/\/www.lesroutesdelesperance.fr\/wp-content\/uploads\/2025\/08\/LOGO-Don-50E-550x550.jpeg 550w, https:\/\/www.lesroutesdelesperance.fr\/wp-content\/uploads\/2025\/08\/LOGO-Don-50E-1100x1100.jpeg 1100w, https:\/\/www.lesroutesdelesperance.fr\/wp-content\/uploads\/2025\/08\/LOGO-Don-50E-650x650.jpeg 650w, https:\/\/www.lesroutesdelesperance.fr\/wp-content\/uploads\/2025\/08\/LOGO-Don-50E-600x600.jpeg 600w, https:\/\/www.lesroutesdelesperance.fr\/wp-content\/uploads\/2025\/08\/LOGO-Don-50E-100x100.jpeg 100w, https:\/\/www.lesroutesdelesperance.fr\/wp-content\/uploads\/2025\/08\/LOGO-Don-50E.jpeg 1161w\" sizes=\"(max-width: 1024px) 100vw, 1024px\" \/><\/a><\/figure><div class=\"wp-block-media-text__content\">\n<p>Cliquez sur l&rsquo;image pour faire un don<\/p>\n\n\n\n<p>D\u00e9duction fiscale : 33 \u20ac<\/p>\n\n\n\n<p><strong><strong>Net pour vous :<\/strong> <\/strong> <strong>17 \u20ac<\/strong><\/p>\n<\/div><\/div>\n<\/div>\n\n\n\n<div class=\"wp-block-column is-layout-flow wp-block-column-is-layout-flow\">\n<div class=\"wp-block-media-text is-stacked-on-mobile\"><figure class=\"wp-block-media-text__media\"><a href=\"https:\/\/www.lesroutesdelesperance.fr\/index.php\/product\/don-20-e\/\"><img decoding=\"async\" width=\"1024\" height=\"1024\" src=\"https:\/\/www.lesroutesdelesperance.fr\/wp-content\/uploads\/2025\/08\/LOGO-Don-20E-1024x1024.jpeg\" alt=\"\" class=\"wp-image-119 size-full\" srcset=\"https:\/\/www.lesroutesdelesperance.fr\/wp-content\/uploads\/2025\/08\/LOGO-Don-20E-1024x1024.jpeg 1024w, https:\/\/www.lesroutesdelesperance.fr\/wp-content\/uploads\/2025\/08\/LOGO-Don-20E-300x300.jpeg 300w, https:\/\/www.lesroutesdelesperance.fr\/wp-content\/uploads\/2025\/08\/LOGO-Don-20E-150x150.jpeg 150w, https:\/\/www.lesroutesdelesperance.fr\/wp-content\/uploads\/2025\/08\/LOGO-Don-20E-768x768.jpeg 768w, https:\/\/www.lesroutesdelesperance.fr\/wp-content\/uploads\/2025\/08\/LOGO-Don-20E-550x550.jpeg 550w, https:\/\/www.lesroutesdelesperance.fr\/wp-content\/uploads\/2025\/08\/LOGO-Don-20E-1100x1100.jpeg 1100w, https:\/\/www.lesroutesdelesperance.fr\/wp-content\/uploads\/2025\/08\/LOGO-Don-20E-650x650.jpeg 650w, https:\/\/www.lesroutesdelesperance.fr\/wp-content\/uploads\/2025\/08\/LOGO-Don-20E-600x600.jpeg 600w, https:\/\/www.lesroutesdelesperance.fr\/wp-content\/uploads\/2025\/08\/LOGO-Don-20E-100x100.jpeg 100w, https:\/\/www.lesroutesdelesperance.fr\/wp-content\/uploads\/2025\/08\/LOGO-Don-20E.jpeg 1162w\" sizes=\"(max-width: 1024px) 100vw, 1024px\" \/><\/a><\/figure><div class=\"wp-block-media-text__content\">\n<p>Cliquez sur l&rsquo;image pour faire un don<\/p>\n\n\n\n<p>D\u00e9duction fiscale : 13,20 \u20ac<\/p>\n\n\n\n<p><strong>Net pour vous :<\/strong> <strong>6,80 \u20ac<\/strong><\/p>\n<\/div><\/div>\n<\/div>\n<\/div>\n\n\n\n<div style=\"height:100px\" aria-hidden=\"true\" class=\"wp-block-spacer\"><\/div>\n\n\n\n<div class=\"wp-block-columns is-layout-flex wp-container-core-columns-is-layout-9d6595d7 wp-block-columns-is-layout-flex\">\n<div class=\"wp-block-column is-layout-flow wp-block-column-is-layout-flow\">\n<div class=\"wp-block-media-text is-stacked-on-mobile\"><figure class=\"wp-block-media-text__media\"><a href=\"https:\/\/www.lesroutesdelesperance.fr\/index.php\/product\/don-10-e\/\"><img loading=\"lazy\" decoding=\"async\" width=\"1024\" height=\"1024\" src=\"https:\/\/www.lesroutesdelesperance.fr\/wp-content\/uploads\/2025\/08\/LOGO-Don-10E-1-1024x1024.jpeg\" alt=\"\" class=\"wp-image-117 size-full\" srcset=\"https:\/\/www.lesroutesdelesperance.fr\/wp-content\/uploads\/2025\/08\/LOGO-Don-10E-1-1024x1024.jpeg 1024w, https:\/\/www.lesroutesdelesperance.fr\/wp-content\/uploads\/2025\/08\/LOGO-Don-10E-1-300x300.jpeg 300w, https:\/\/www.lesroutesdelesperance.fr\/wp-content\/uploads\/2025\/08\/LOGO-Don-10E-1-150x150.jpeg 150w, https:\/\/www.lesroutesdelesperance.fr\/wp-content\/uploads\/2025\/08\/LOGO-Don-10E-1-768x768.jpeg 768w, https:\/\/www.lesroutesdelesperance.fr\/wp-content\/uploads\/2025\/08\/LOGO-Don-10E-1-550x550.jpeg 550w, https:\/\/www.lesroutesdelesperance.fr\/wp-content\/uploads\/2025\/08\/LOGO-Don-10E-1-1100x1100.jpeg 1100w, https:\/\/www.lesroutesdelesperance.fr\/wp-content\/uploads\/2025\/08\/LOGO-Don-10E-1-650x650.jpeg 650w, https:\/\/www.lesroutesdelesperance.fr\/wp-content\/uploads\/2025\/08\/LOGO-Don-10E-1-600x600.jpeg 600w, https:\/\/www.lesroutesdelesperance.fr\/wp-content\/uploads\/2025\/08\/LOGO-Don-10E-1-100x100.jpeg 100w, https:\/\/www.lesroutesdelesperance.fr\/wp-content\/uploads\/2025\/08\/LOGO-Don-10E-1.jpeg 1163w\" sizes=\"(max-width: 1024px) 100vw, 1024px\" \/><\/a><\/figure><div class=\"wp-block-media-text__content\">\n<p>Cliquez sur l&rsquo;image pour faire un don<\/p>\n<\/div><\/div>\n<\/div>\n\n\n\n<div class=\"wp-block-column is-layout-flow wp-block-column-is-layout-flow\">\n<div class=\"wp-block-media-text is-stacked-on-mobile\"><figure class=\"wp-block-media-text__media\"><a href=\"https:\/\/www.lesroutesdelesperance.fr\/index.php\/product\/don-5e\/\"><img loading=\"lazy\" decoding=\"async\" width=\"1024\" height=\"1024\" src=\"https:\/\/www.lesroutesdelesperance.fr\/wp-content\/uploads\/2025\/08\/LOGO-Don-10E-1024x1024.jpeg\" alt=\"\" class=\"wp-image-116 size-full\" srcset=\"https:\/\/www.lesroutesdelesperance.fr\/wp-content\/uploads\/2025\/08\/LOGO-Don-10E-1024x1024.jpeg 1024w, https:\/\/www.lesroutesdelesperance.fr\/wp-content\/uploads\/2025\/08\/LOGO-Don-10E-300x300.jpeg 300w, https:\/\/www.lesroutesdelesperance.fr\/wp-content\/uploads\/2025\/08\/LOGO-Don-10E-150x150.jpeg 150w, https:\/\/www.lesroutesdelesperance.fr\/wp-content\/uploads\/2025\/08\/LOGO-Don-10E-768x768.jpeg 768w, https:\/\/www.lesroutesdelesperance.fr\/wp-content\/uploads\/2025\/08\/LOGO-Don-10E-550x550.jpeg 550w, https:\/\/www.lesroutesdelesperance.fr\/wp-content\/uploads\/2025\/08\/LOGO-Don-10E-1100x1100.jpeg 1100w, https:\/\/www.lesroutesdelesperance.fr\/wp-content\/uploads\/2025\/08\/LOGO-Don-10E-650x650.jpeg 650w, https:\/\/www.lesroutesdelesperance.fr\/wp-content\/uploads\/2025\/08\/LOGO-Don-10E-600x600.jpeg 600w, https:\/\/www.lesroutesdelesperance.fr\/wp-content\/uploads\/2025\/08\/LOGO-Don-10E-100x100.jpeg 100w, https:\/\/www.lesroutesdelesperance.fr\/wp-content\/uploads\/2025\/08\/LOGO-Don-10E.jpeg 1162w\" sizes=\"(max-width: 1024px) 100vw, 1024px\" \/><\/a><\/figure><div class=\"wp-block-media-text__content\">\n<p>Cliquez sur l&rsquo;image pour faire un don<\/p>\n<\/div><\/div>\n<\/div>\n<\/div>\n\n\n\n<div style=\"height:100px\" aria-hidden=\"true\" class=\"wp-block-spacer\"><\/div>\n\n\n\n<h2 class=\"wp-block-heading has-text-align-center\">Vos dons sont defiscalisables<\/h2>\n\n\n\n<div style=\"height:100px\" aria-hidden=\"true\" class=\"wp-block-spacer\"><\/div>\n\n\n\n<p>Les dons au profit des associations ouvrent droit \u00e0 une r\u00e9duction d&rsquo;imp\u00f4t sur le revenu. Notre association remplit les r\u00e8gles en la mati\u00e8re : son but n&rsquo;est pas lucratif, son objet social et sa gestion sont d\u00e9sint\u00e9ress\u00e9s, et elle ne fonctionne pas au profit d&rsquo;un cercle restreinte de personnes.<\/p>\n\n\n\n<p>Les dons ouvrent droit \u00e0 une r\u00e9duction d&rsquo;imp\u00f4t sur le revenu \u00e9gale \u00e0 66% du montant vers\u00e9, dans la limite de 20% du revenu imposable. Lorsque vous d\u00e9clarez vos revenus aupr\u00e8s de l&rsquo;administration fiscale, vous pouvez indiquer le montant des dons effectu\u00e9s dans la rubrique ad hoc. Si vous le souhaitez, vous pouvez nous demander un re\u00e7u fiscal de notre part. Attention : notre association ne d\u00e9livre pas de re\u00e7u fiscal pour les dons inf\u00e9rieurs \u00e0 20 \u20ac car nous n&rsquo;avons pas d&rsquo;infrastructure en capacit\u00e9 de g\u00e9rer ceci.<\/p>\n\n\n\n<p>Pour plus d&rsquo;informations, nous vous invitons \u00e0 consulter la documentation fiscale disponible en ligne <a href=\"https:\/\/www.economie.gouv.fr\/particuliers\/gerer-mon-argent\/beneficier-daides-et-de-reductions-dimpots\/dons-aux-associations#\" target=\"_blank\" rel=\"noreferrer noopener\">ICI<\/a>, ou encore <a href=\"https:\/\/www.service-public.fr\/particuliers\/vosdroits\/F426\" target=\"_blank\" rel=\"noreferrer noopener\">ICI<\/a> (sites de l&rsquo;administration fran\u00e7aise).<\/p>\n\n\n\n<div style=\"height:75px\" aria-hidden=\"true\" class=\"wp-block-spacer\"><\/div>\n\n\n\n<p class=\"has-text-align-center\"><strong>Consultez ci-dessous notre tableau estimatif :<\/strong><\/p>\n\n\n\n<div style=\"height:100px\" aria-hidden=\"true\" class=\"wp-block-spacer\"><\/div>\n\n\n\n<div class=\"wp-block-columns is-layout-flex wp-container-core-columns-is-layout-9d6595d7 wp-block-columns-is-layout-flex\">\n<div class=\"wp-block-column is-layout-flow wp-block-column-is-layout-flow\">\n<figure class=\"wp-block-table\"><table class=\"has-fixed-layout\"><tbody><tr><td><strong>MONTANT DU DON<\/strong><\/td><td><strong>DEFISCALISATION<\/strong><\/td><td><strong>COUT REEL<\/strong><\/td><\/tr><tr><td>20 \u20ac<\/td><td>13,2 \u20ac<\/td><td><strong>6,8 \u20ac<\/strong><\/td><\/tr><tr><td>50 \u20ac<\/td><td>33 \u20ac<\/td><td><strong>17 \u20ac<\/strong><\/td><\/tr><tr><td>100 \u20ac<\/td><td>66 \u20ac<\/td><td><strong>34 \u20ac<\/strong><\/td><\/tr><tr><td>200 \u20ac<\/td><td>132 \u20ac<\/td><td><strong>68 \u20ac<\/strong><\/td><\/tr><tr><td>500 \u20ac<\/td><td>330 \u20ac<\/td><td><strong>170 \u20ac<\/strong><\/td><\/tr><tr><td>1000 \u20ac<\/td><td>660 \u20ac<\/td><td><strong>340 \u20ac<\/strong><\/td><\/tr><tr><td>1500 \u20ac<\/td><td>990 \u20ac<\/td><td><strong>510  \u20ac<\/strong><\/td><\/tr><tr><td>2000 \u20ac<\/td><td>13,2 \u20ac<\/td><td><strong>680 \u20ac<\/strong><\/td><\/tr><\/tbody><\/table><\/figure>\n<\/div>\n<\/div>\n\n\n\n<div style=\"height:100px\" aria-hidden=\"true\" class=\"wp-block-spacer\"><\/div>\n\n\n\n<h2 class=\"wp-block-heading has-text-align-center\">MERCI POUR VOTRE GENEROSITE !<\/h2>\n\n\n\n<p class=\"has-text-align-center\"><\/p>\n\n\n\n<div style=\"height:100px\" aria-hidden=\"true\" class=\"wp-block-spacer\"><\/div>\n\n\n<div class=\"wp-block-image\">\n<figure class=\"aligncenter size-large\"><img loading=\"lazy\" decoding=\"async\" width=\"1024\" height=\"495\" src=\"https:\/\/www.lesroutesdelesperance.fr\/wp-content\/uploads\/2026\/03\/Sans-titre-3.1-1024x495.jpeg\" alt=\"\" class=\"wp-image-1211\" srcset=\"https:\/\/www.lesroutesdelesperance.fr\/wp-content\/uploads\/2026\/03\/Sans-titre-3.1-1024x495.jpeg 1024w, https:\/\/www.lesroutesdelesperance.fr\/wp-content\/uploads\/2026\/03\/Sans-titre-3.1-300x145.jpeg 300w, https:\/\/www.lesroutesdelesperance.fr\/wp-content\/uploads\/2026\/03\/Sans-titre-3.1-768x371.jpeg 768w, https:\/\/www.lesroutesdelesperance.fr\/wp-content\/uploads\/2026\/03\/Sans-titre-3.1-600x290.jpeg 600w, https:\/\/www.lesroutesdelesperance.fr\/wp-content\/uploads\/2026\/03\/Sans-titre-3.1.jpeg 1372w\" sizes=\"(max-width: 1024px) 100vw, 1024px\" \/><\/figure>\n<\/div>\n\n\n<div style=\"height:100px\" aria-hidden=\"true\" class=\"wp-block-spacer\"><\/div>\n\n\n\n<div style=\"height:100px\" aria-hidden=\"true\" class=\"wp-block-spacer\"><\/div>\n\n\n\n<div style=\"height:100px\" aria-hidden=\"true\" class=\"wp-block-spacer\"><\/div>\n\n\n\n<div style=\"height:100px\" aria-hidden=\"true\" class=\"wp-block-spacer\"><\/div>\n","protected":false},"excerpt":{"rendered":"<p>SOYEZ MOTEURS D&rsquo;ESPOIR ! Cliquez sur l&rsquo;image pour faire un don D\u00e9duction fiscale : 33 \u20ac Net pour vous : 17 \u20ac Cliquez sur l&rsquo;image pour faire un don D\u00e9duction fiscale : 13,20 \u20ac Net pour vous : 6,80 \u20ac [&hellip;]<\/p>\n","protected":false},"author":1,"featured_media":0,"parent":0,"menu_order":0,"comment_status":"closed","ping_status":"closed","template":"","meta":{"footnotes":""},"class_list":["post-259","page","type-page","status-publish","hentry"],"_links":{"self":[{"href":"https:\/\/www.lesroutesdelesperance.fr\/index.php\/wp-json\/wp\/v2\/pages\/259","targetHints":{"allow":["GET"]}}],"collection":[{"href":"https:\/\/www.lesroutesdelesperance.fr\/index.php\/wp-json\/wp\/v2\/pages"}],"about":[{"href":"https:\/\/www.lesroutesdelesperance.fr\/index.php\/wp-json\/wp\/v2\/types\/page"}],"author":[{"embeddable":true,"href":"https:\/\/www.lesroutesdelesperance.fr\/index.php\/wp-json\/wp\/v2\/users\/1"}],"replies":[{"embeddable":true,"href":"https:\/\/www.lesroutesdelesperance.fr\/index.php\/wp-json\/wp\/v2\/comments?post=259"}],"version-history":[{"count":26,"href":"https:\/\/www.lesroutesdelesperance.fr\/index.php\/wp-json\/wp\/v2\/pages\/259\/revisions"}],"predecessor-version":[{"id":1212,"href":"https:\/\/www.lesroutesdelesperance.fr\/index.php\/wp-json\/wp\/v2\/pages\/259\/revisions\/1212"}],"wp:attachment":[{"href":"https:\/\/www.lesroutesdelesperance.fr\/index.php\/wp-json\/wp\/v2\/media?parent=259"}],"curies":[{"name":"wp","href":"https:\/\/api.w.org\/{rel}","templated":true}]}}