{"id":29,"date":"2025-08-28T21:49:59","date_gmt":"2025-08-28T21:49:59","guid":{"rendered":"http:\/\/www.lesroutesdelesperance.fr\/?page_id=29"},"modified":"2026-03-31T08:33:02","modified_gmt":"2026-03-31T08:33:02","slug":"accueil-2","status":"publish","type":"page","link":"https:\/\/www.lesroutesdelesperance.fr\/","title":{"rendered":"LES ROUTES DE L&rsquo;ESPERANCE"},"content":{"rendered":"\n<p class=\"has-text-align-center\"><\/p>\n\n\n\n<h2 class=\"wp-block-heading has-text-align-center\">Bienvenue dans notre \u00e9curie !<\/h2>\n\n\n\n<div class=\"wp-block-columns is-layout-flex wp-container-core-columns-is-layout-9d6595d7 wp-block-columns-is-layout-flex\">\n<div class=\"wp-block-column is-layout-flow wp-block-column-is-layout-flow\" style=\"flex-basis:25%\"><\/div>\n\n\n\n<div class=\"wp-block-column is-vertically-aligned-center is-layout-flow wp-block-column-is-layout-flow\" style=\"flex-basis:50%\"><div class=\"wp-block-image\">\n<figure class=\"aligncenter size-full\"><img decoding=\"async\" width=\"250\" height=\"188\" src=\"https:\/\/www.lesroutesdelesperance.fr\/wp-content\/uploads\/2025\/09\/POLE-POSITION-3.png\" alt=\"\" class=\"wp-image-653\"\/><\/figure>\n<\/div><\/div>\n\n\n\n<div class=\"wp-block-column is-layout-flow wp-block-column-is-layout-flow\" style=\"flex-basis:25%\"><\/div>\n<\/div>\n\n\n\n<div style=\"height:39px\" aria-hidden=\"true\" class=\"wp-block-spacer\"><\/div>\n\n\n\n<div class=\"wp-block-columns is-layout-flex wp-container-core-columns-is-layout-9d6595d7 wp-block-columns-is-layout-flex\">\n<div class=\"wp-block-column is-layout-flow wp-block-column-is-layout-flow\">\n<p><strong>Expositions autos\/motos anciennes<\/strong><\/p>\n\n\n\n<p>Notre association organise des \u00e9v\u00e8nements autour de v\u00e9hicules anciens d\u2019exception, autos, motos, camions cycles, etc. La liste n&rsquo;est pas exhaustive, tout v\u00e9hicule de plus de 25 ans peut-\u00eatre accept\u00e9 ! Nous organisons des expositions festives et familiales autour des voitures de nos membres ou amis. C&rsquo;est l&rsquo;occasion de d\u00e9couvrir de belles anciennes, qui feront briller vos yeux !<\/p>\n<\/div>\n\n\n\n<div class=\"wp-block-column is-layout-flow wp-block-column-is-layout-flow\">\n<p><strong>Le bien-\u00eatre d&rsquo;enfants et ados atteints du cancer<\/strong><\/p>\n\n\n\n<p>Notre association aspire \u00e0 collecter des fonds au b\u00e9n\u00e9fice des enfants et adolescents atteints du cancer. Nos \u00e9v\u00e8nements sont organis\u00e9s dans cette seule finalit\u00e9. Notre ambition est de servir une cause noble \u00e0 travers notre passion pour l&rsquo;automobile, et nous fournissons nos meilleurs efforts dans ce but ! Si vous-aussi vous souhaitez vous rendre utiles, rejoignez-nous en adh\u00e9rant ou en faisant un don.<\/p>\n<\/div>\n<\/div>\n\n\n\n<p class=\"has-text-align-center\"><\/p>\n\n\n\n<div style=\"height:102px\" aria-hidden=\"true\" class=\"wp-block-spacer\"><\/div>\n\n\n\n<div class=\"wp-block-columns is-layout-flex wp-container-core-columns-is-layout-9d6595d7 wp-block-columns-is-layout-flex\">\n<div class=\"wp-block-column is-layout-flow wp-block-column-is-layout-flow\" style=\"flex-basis:25%\"><\/div>\n\n\n\n<div class=\"wp-block-column is-vertically-aligned-center is-layout-flow wp-block-column-is-layout-flow\" style=\"flex-basis:50%\"><div class=\"wp-block-image\">\n<figure class=\"aligncenter size-full\"><img decoding=\"async\" width=\"250\" height=\"188\" src=\"https:\/\/www.lesroutesdelesperance.fr\/wp-content\/uploads\/2025\/09\/POLE-POSITION-3.png\" alt=\"\" class=\"wp-image-653\"\/><\/figure>\n<\/div><\/div>\n\n\n\n<div class=\"wp-block-column is-layout-flow wp-block-column-is-layout-flow\" style=\"flex-basis:25%\"><\/div>\n<\/div>\n\n\n\n<div style=\"height:46px\" aria-hidden=\"true\" class=\"wp-block-spacer\"><\/div>\n\n\n\n<h2 class=\"wp-block-heading has-text-align-center\"><strong>PRENEZ LA ROUTE AVEC NOUS, <\/strong><\/h2>\n\n\n\n<p class=\"has-text-align-center\"><\/p>\n\n\n\n<h2 class=\"wp-block-heading has-text-align-center\"><strong>DEVENEZ MOTEURS D&rsquo;ESPOIR !<\/strong><\/h2>\n\n\n\n<div style=\"height:59px\" aria-hidden=\"true\" class=\"wp-block-spacer\"><\/div>\n\n\n\n<div class=\"wp-block-buttons is-content-justification-center is-layout-flex wp-container-core-buttons-is-layout-16018d1d wp-block-buttons-is-layout-flex\">\n<div class=\"wp-block-button\"><a class=\"wp-block-button__link has-background has-text-align-center wp-element-button\" href=\"https:\/\/www.lesroutesdelesperance.fr\/index.php\/qui-sommes-nous\/\" style=\"background-color:#00546b\">Plus d&rsquo;informations<\/a><\/div>\n<\/div>\n\n\n\n<div style=\"height:64px\" aria-hidden=\"true\" class=\"wp-block-spacer\"><\/div>\n\n\n\n<div class=\"wp-block-buttons is-content-justification-center is-layout-flex wp-container-core-buttons-is-layout-16018d1d wp-block-buttons-is-layout-flex\">\n<div class=\"wp-block-button\"><a class=\"wp-block-button__link has-background has-text-align-center wp-element-button\" href=\"https:\/\/www.lesroutesdelesperance.fr\/index.php\/contact\/\" style=\"background-color:#00546b\">Nous contacter<\/a><\/div>\n<\/div>\n\n\n\n<div style=\"height:59px\" aria-hidden=\"true\" class=\"wp-block-spacer\"><\/div>\n\n\n\n<div class=\"wp-block-columns is-layout-flex wp-container-core-columns-is-layout-9d6595d7 wp-block-columns-is-layout-flex\">\n<div class=\"wp-block-column is-layout-flow wp-block-column-is-layout-flow\">\n<figure class=\"wp-block-image size-full\"><img fetchpriority=\"high\" decoding=\"async\" width=\"274\" height=\"184\" src=\"https:\/\/www.lesroutesdelesperance.fr\/wp-content\/uploads\/2025\/09\/Unknown-4-removebg-preview.png\" alt=\"\" class=\"wp-image-415\"\/><\/figure>\n<\/div>\n\n\n\n<div class=\"wp-block-column is-layout-flow wp-block-column-is-layout-flow\">\n<figure class=\"wp-block-image size-full\"><img decoding=\"async\" width=\"275\" height=\"183\" src=\"https:\/\/www.lesroutesdelesperance.fr\/wp-content\/uploads\/2025\/09\/Unknown-4-removebg-preview-copie.png\" alt=\"\" class=\"wp-image-414\"\/><\/figure>\n<\/div>\n\n\n\n<div class=\"wp-block-column is-layout-flow wp-block-column-is-layout-flow\">\n<figure class=\"wp-block-image size-full\"><img loading=\"lazy\" decoding=\"async\" width=\"270\" height=\"187\" src=\"https:\/\/www.lesroutesdelesperance.fr\/wp-content\/uploads\/2025\/08\/Unknown-2-removebg-preview-copie-1.png\" alt=\"\" class=\"wp-image-135\"\/><\/figure>\n<\/div>\n<\/div>\n\n\n\n<div style=\"height:100px\" aria-hidden=\"true\" class=\"wp-block-spacer\"><\/div>\n\n\n\n<div class=\"wp-block-cover is-light is-repeated alignfull\" style=\"padding-top:var(--wp--preset--spacing--50);padding-right:var(--wp--preset--spacing--40);padding-bottom:var(--wp--preset--spacing--40);padding-left:var(--wp--preset--spacing--40);min-height:228px;aspect-ratio:unset;\"><div class=\"wp-block-cover__image-background wp-image-760 is-repeated\" style=\"background-position:50% 50%;background-image:url(https:\/\/www.lesroutesdelesperance.fr\/wp-content\/uploads\/2025\/10\/Sans-titre-3.1.jpeg)\"><\/div><span aria-hidden=\"true\" class=\"wp-block-cover__background has-theme-5-background-color has-background-dim-0 has-background-dim\"><\/span><div class=\"wp-block-cover__inner-container is-layout-constrained wp-container-core-cover-is-layout-8789fae4 wp-block-cover-is-layout-constrained\">\n<div class=\"wp-block-group alignwide\" style=\"margin-top:0;margin-bottom:0;padding-top:0;padding-right:0;padding-bottom:0;padding-left:0\"><div class=\"wp-block-group__inner-container is-layout-flow wp-block-group-is-layout-flow\">\n<div class=\"wp-block-columns is-layout-flex wp-container-core-columns-is-layout-9d6595d7 wp-block-columns-is-layout-flex\">\n<div class=\"wp-block-column is-layout-flow wp-block-column-is-layout-flow\" style=\"flex-basis:33.33%\"><\/div>\n\n\n\n<div class=\"wp-block-column is-vertically-aligned-stretch is-layout-flow wp-block-column-is-layout-flow\" style=\"flex-basis:66.67%\">\n<div style=\"height:33px\" aria-hidden=\"true\" class=\"wp-block-spacer\"><\/div>\n\n\n\n<h2 class=\"wp-block-heading alignwide has-text-align-center text-balance has-white-color has-text-color has-link-color has-xx-large-font-size wp-elements-c7b9a755c114252d5d3d583c5804cf7b\" style=\"margin-top:0;margin-right:0;margin-bottom:0;margin-left:0\">NOUS SOUTENIR<\/h2>\n\n\n\n<div style=\"height:33px\" aria-hidden=\"true\" class=\"wp-block-spacer\"><\/div>\n\n\n\n<div class=\"wp-block-group is-vertical is-content-justification-center is-layout-flex wp-container-core-group-is-layout-4b2eccd6 wp-block-group-is-layout-flex\">\n<div class=\"wp-block-buttons is-horizontal is-content-justification-left is-layout-flex wp-container-core-buttons-is-layout-9cde4f48 wp-block-buttons-is-layout-flex\">\n<div class=\"wp-block-button\"><a class=\"wp-block-button__link has-theme-5-color has-text-color has-background has-link-color wp-element-button\" href=\"https:\/\/www.lesroutesdelesperance.fr\/index.php\/faire-un-don\/\" style=\"background-color:#00546b\">Faire un don<\/a><\/div>\n<\/div>\n<\/div>\n\n\n\n<div style=\"height:33px\" aria-hidden=\"true\" class=\"wp-block-spacer\"><\/div>\n\n\n\n<div class=\"wp-block-group is-vertical is-content-justification-center is-layout-flex wp-container-core-group-is-layout-4b2eccd6 wp-block-group-is-layout-flex\">\n<div class=\"wp-block-buttons is-horizontal is-content-justification-left is-layout-flex wp-container-core-buttons-is-layout-9cde4f48 wp-block-buttons-is-layout-flex\">\n<div class=\"wp-block-button is-style-fill\"><a class=\"wp-block-button__link has-theme-5-color has-text-color has-background has-link-color wp-element-button\" href=\"https:\/\/www.lesroutesdelesperance.fr\/index.php\/adhesion\/\" style=\"background-color:#00546b\">Adh\u00e9sions<\/a><\/div>\n<\/div>\n<\/div>\n\n\n\n<div style=\"height:33px\" aria-hidden=\"true\" class=\"wp-block-spacer\"><\/div>\n<\/div>\n\n\n\n<div class=\"wp-block-column is-layout-flow wp-block-column-is-layout-flow\" style=\"flex-basis:33.33%\"><\/div>\n<\/div>\n<\/div><\/div>\n<\/div><\/div>\n\n\n\n<p><\/p>\n\n\n\n<div style=\"height:92px\" aria-hidden=\"true\" class=\"wp-block-spacer\"><\/div>\n\n\n\n<h2 class=\"wp-block-heading has-text-align-center\">LES PARTENAIRES DE L&rsquo;ASSOCIATION<\/h2>\n\n\n\n<div style=\"height:39px\" aria-hidden=\"true\" class=\"wp-block-spacer\"><\/div>\n\n\n\n<p class=\"has-text-align-center\">Sans eux, rien ne serait possible.<\/p>\n\n\n\n<p class=\"has-text-align-center\">Ils offrent gracieusement des lots pour les \u00e9v\u00e8nements que nous organisons.<\/p>\n\n\n\n<p class=\"has-text-align-center\">Nous les remercions chaleureusement !<\/p>\n\n\n\n<div style=\"height:39px\" aria-hidden=\"true\" class=\"wp-block-spacer\"><\/div>\n\n\n\n<div class=\"wp-block-columns are-vertically-aligned-center is-layout-flex wp-container-core-columns-is-layout-9d6595d7 wp-block-columns-is-layout-flex\">\n<div class=\"wp-block-column is-vertically-aligned-center is-layout-flow wp-block-column-is-layout-flow\"><div class=\"wp-block-image\">\n<figure class=\"aligncenter size-full\"><a href=\"https:\/\/hallesduverger.fr\" target=\"_blank\" rel=\" noreferrer noopener\"><img loading=\"lazy\" decoding=\"async\" width=\"225\" height=\"225\" src=\"https:\/\/www.lesroutesdelesperance.fr\/wp-content\/uploads\/2025\/09\/Unknown.jpeg\" alt=\"\" class=\"wp-image-376\" srcset=\"https:\/\/www.lesroutesdelesperance.fr\/wp-content\/uploads\/2025\/09\/Unknown.jpeg 225w, https:\/\/www.lesroutesdelesperance.fr\/wp-content\/uploads\/2025\/09\/Unknown-150x150.jpeg 150w, https:\/\/www.lesroutesdelesperance.fr\/wp-content\/uploads\/2025\/09\/Unknown-100x100.jpeg 100w\" sizes=\"(max-width: 225px) 100vw, 225px\" \/><\/a><\/figure>\n<\/div><\/div>\n\n\n\n<div class=\"wp-block-column is-vertically-aligned-center is-layout-flow wp-block-column-is-layout-flow\"><div class=\"wp-block-image\">\n<figure class=\"aligncenter size-full\"><a href=\"https:\/\/www.azerty.legal\" target=\"_blank\" rel=\" noreferrer noopener\"><img loading=\"lazy\" decoding=\"async\" width=\"344\" height=\"118\" src=\"https:\/\/www.lesroutesdelesperance.fr\/wp-content\/uploads\/2025\/08\/Logo-Azerty-2.png\" alt=\"\" class=\"wp-image-189\" srcset=\"https:\/\/www.lesroutesdelesperance.fr\/wp-content\/uploads\/2025\/08\/Logo-Azerty-2.png 344w, https:\/\/www.lesroutesdelesperance.fr\/wp-content\/uploads\/2025\/08\/Logo-Azerty-2-300x103.png 300w\" sizes=\"(max-width: 344px) 100vw, 344px\" \/><\/a><\/figure>\n<\/div><\/div>\n\n\n\n<div class=\"wp-block-column is-vertically-aligned-center is-layout-flow wp-block-column-is-layout-flow\"><div class=\"wp-block-image\">\n<figure class=\"aligncenter size-full\"><a href=\"https:\/\/www.training-go.fr\" target=\"_blank\" rel=\" noreferrer noopener\"><img loading=\"lazy\" decoding=\"async\" width=\"204\" height=\"192\" src=\"https:\/\/www.lesroutesdelesperance.fr\/wp-content\/uploads\/2025\/09\/Unknown.png\" alt=\"\" class=\"wp-image-380\"\/><\/a><\/figure>\n<\/div><\/div>\n<\/div>\n\n\n\n<div style=\"height:39px\" aria-hidden=\"true\" class=\"wp-block-spacer\"><\/div>\n\n\n\n<div style=\"height:39px\" aria-hidden=\"true\" class=\"wp-block-spacer\"><\/div>\n\n\n\n<div class=\"wp-block-columns are-vertically-aligned-center is-layout-flex wp-container-core-columns-is-layout-9d6595d7 wp-block-columns-is-layout-flex\">\n<div class=\"wp-block-column is-vertically-aligned-center is-layout-flow wp-block-column-is-layout-flow\">\n<figure class=\"wp-block-image size-full\"><a href=\"https:\/\/www.ct34.fr\/controle-technique-montpellier.html?gad_source=1&amp;gad_campaignid=22359368150&amp;gbraid=0AAAAAquqHK51pmqpaZnOgMKCxvPa-DUN2&amp;gclid=CjwKCAjwiY_GBhBEEiwAFaghvu-c_dBjSoNZuxrv0cu2y3pdSYb4fc8O4BQtE7AHIJJgJqbo6uVj0xoCzKEQAvD_BwE\" target=\"_blank\" rel=\" noreferrer noopener\"><img loading=\"lazy\" decoding=\"async\" width=\"254\" height=\"244\" src=\"https:\/\/www.lesroutesdelesperance.fr\/wp-content\/uploads\/2025\/09\/Sans-titre-2.1-2.jpeg\" alt=\"\" class=\"wp-image-557\"\/><\/a><\/figure>\n<\/div>\n\n\n\n<div class=\"wp-block-column is-vertically-aligned-center is-layout-flow wp-block-column-is-layout-flow\"><div class=\"wp-block-image\">\n<figure class=\"aligncenter size-full\"><a href=\"https:\/\/www.mercier-kar-passion.com\" target=\"_blank\" rel=\" noreferrer noopener\"><img loading=\"lazy\" decoding=\"async\" width=\"199\" height=\"135\" src=\"https:\/\/www.lesroutesdelesperance.fr\/wp-content\/uploads\/2025\/09\/logo.png\" alt=\"\" class=\"wp-image-546\"\/><\/a><\/figure>\n<\/div><\/div>\n\n\n\n<div class=\"wp-block-column is-vertically-aligned-center is-layout-flow wp-block-column-is-layout-flow\"><div class=\"wp-block-image\">\n<figure class=\"aligncenter size-full\"><a href=\"https:\/\/www.dktronic-engineering.com\" target=\"_blank\" rel=\" noreferrer noopener\"><img loading=\"lazy\" decoding=\"async\" width=\"225\" height=\"225\" src=\"https:\/\/www.lesroutesdelesperance.fr\/wp-content\/uploads\/2025\/09\/Unknown-1.png\" alt=\"\" class=\"wp-image-545\" srcset=\"https:\/\/www.lesroutesdelesperance.fr\/wp-content\/uploads\/2025\/09\/Unknown-1.png 225w, https:\/\/www.lesroutesdelesperance.fr\/wp-content\/uploads\/2025\/09\/Unknown-1-150x150.png 150w, https:\/\/www.lesroutesdelesperance.fr\/wp-content\/uploads\/2025\/09\/Unknown-1-100x100.png 100w\" sizes=\"(max-width: 225px) 100vw, 225px\" \/><\/a><\/figure>\n<\/div><\/div>\n<\/div>\n\n\n\n<div style=\"height:39px\" aria-hidden=\"true\" class=\"wp-block-spacer\"><\/div>\n\n\n\n<div style=\"height:39px\" aria-hidden=\"true\" class=\"wp-block-spacer\"><\/div>\n\n\n\n<div class=\"wp-block-columns are-vertically-aligned-center is-layout-flex wp-container-core-columns-is-layout-9d6595d7 wp-block-columns-is-layout-flex\">\n<div class=\"wp-block-column is-vertically-aligned-center is-layout-flow wp-block-column-is-layout-flow\"><div class=\"wp-block-image\">\n<figure class=\"aligncenter size-full\"><a href=\"https:\/\/renault-ortigosa.fr\" target=\"_blank\" rel=\" noreferrer noopener\"><img loading=\"lazy\" decoding=\"async\" width=\"285\" height=\"90\" src=\"https:\/\/www.lesroutesdelesperance.fr\/wp-content\/uploads\/2025\/09\/nouveau-logo-v2-renault-fond-noir.png\" alt=\"\" class=\"wp-image-547\"\/><\/a><\/figure>\n<\/div><\/div>\n\n\n\n<div class=\"wp-block-column is-vertically-aligned-center is-layout-flow wp-block-column-is-layout-flow\"><div class=\"wp-block-image\">\n<figure class=\"aligncenter size-full\"><a href=\"https:\/\/www.midas.fr\/centres-auto-midas\/occitanie\/herault\/montpellier\/castelnau-le-lez_1303\" target=\"_blank\" rel=\" noreferrer noopener\"><img loading=\"lazy\" decoding=\"async\" width=\"379\" height=\"114\" src=\"https:\/\/www.lesroutesdelesperance.fr\/wp-content\/uploads\/2025\/09\/Logo_Midas.webp\" alt=\"\" class=\"wp-image-548\" srcset=\"https:\/\/www.lesroutesdelesperance.fr\/wp-content\/uploads\/2025\/09\/Logo_Midas.webp 379w, https:\/\/www.lesroutesdelesperance.fr\/wp-content\/uploads\/2025\/09\/Logo_Midas-300x90.webp 300w\" sizes=\"(max-width: 379px) 100vw, 379px\" \/><\/a><\/figure>\n<\/div><\/div>\n\n\n\n<div class=\"wp-block-column is-vertically-aligned-center is-layout-flow wp-block-column-is-layout-flow\"><div class=\"wp-block-image\">\n<figure class=\"aligncenter size-full\"><img loading=\"lazy\" decoding=\"async\" width=\"200\" height=\"200\" src=\"https:\/\/www.lesroutesdelesperance.fr\/wp-content\/uploads\/2025\/09\/LOGO-NATH-ALOE-1.png\" alt=\"\" class=\"wp-image-585\" srcset=\"https:\/\/www.lesroutesdelesperance.fr\/wp-content\/uploads\/2025\/09\/LOGO-NATH-ALOE-1.png 200w, https:\/\/www.lesroutesdelesperance.fr\/wp-content\/uploads\/2025\/09\/LOGO-NATH-ALOE-1-150x150.png 150w, https:\/\/www.lesroutesdelesperance.fr\/wp-content\/uploads\/2025\/09\/LOGO-NATH-ALOE-1-100x100.png 100w\" sizes=\"(max-width: 200px) 100vw, 200px\" \/><\/figure>\n<\/div><\/div>\n<\/div>\n\n\n\n<div style=\"height:39px\" aria-hidden=\"true\" class=\"wp-block-spacer\"><\/div>\n\n\n\n<div style=\"height:39px\" aria-hidden=\"true\" class=\"wp-block-spacer\"><\/div>\n\n\n\n<div class=\"wp-block-columns are-vertically-aligned-center is-layout-flex wp-container-core-columns-is-layout-9d6595d7 wp-block-columns-is-layout-flex\">\n<div class=\"wp-block-column is-vertically-aligned-center is-layout-flow wp-block-column-is-layout-flow\"><div class=\"wp-block-image\">\n<figure class=\"aligncenter size-full\"><a href=\"https:\/\/www.vbmoto.fr\" target=\"_blank\" rel=\" noreferrer noopener\"><img loading=\"lazy\" decoding=\"async\" width=\"189\" height=\"267\" src=\"https:\/\/www.lesroutesdelesperance.fr\/wp-content\/uploads\/2025\/09\/Unknown-1.jpeg\" alt=\"\" class=\"wp-image-550\"\/><\/a><\/figure>\n<\/div><\/div>\n\n\n\n<div class=\"wp-block-column is-vertically-aligned-center is-layout-flow wp-block-column-is-layout-flow\"><div class=\"wp-block-image\">\n<figure class=\"aligncenter size-full\"><img loading=\"lazy\" decoding=\"async\" width=\"229\" height=\"220\" src=\"https:\/\/www.lesroutesdelesperance.fr\/wp-content\/uploads\/2025\/09\/Unknown-2.jpeg\" alt=\"\" class=\"wp-image-551\"\/><\/figure>\n<\/div><\/div>\n\n\n\n<div class=\"wp-block-column is-vertically-aligned-center is-layout-flow wp-block-column-is-layout-flow\"><div class=\"wp-block-image\">\n<figure class=\"aligncenter size-full\"><a href=\"https:\/\/laboulangedecastelnau.fr\" target=\"_blank\" rel=\" noreferrer noopener\"><img loading=\"lazy\" decoding=\"async\" width=\"225\" height=\"225\" src=\"https:\/\/www.lesroutesdelesperance.fr\/wp-content\/uploads\/2025\/09\/Unknown-3.jpeg\" alt=\"\" class=\"wp-image-552\" srcset=\"https:\/\/www.lesroutesdelesperance.fr\/wp-content\/uploads\/2025\/09\/Unknown-3.jpeg 225w, https:\/\/www.lesroutesdelesperance.fr\/wp-content\/uploads\/2025\/09\/Unknown-3-150x150.jpeg 150w, https:\/\/www.lesroutesdelesperance.fr\/wp-content\/uploads\/2025\/09\/Unknown-3-100x100.jpeg 100w\" sizes=\"(max-width: 225px) 100vw, 225px\" \/><\/a><\/figure>\n<\/div><\/div>\n<\/div>\n\n\n\n<div style=\"height:39px\" aria-hidden=\"true\" class=\"wp-block-spacer\"><\/div>\n\n\n\n<div style=\"height:39px\" aria-hidden=\"true\" class=\"wp-block-spacer\"><\/div>\n\n\n\n<div class=\"wp-block-columns are-vertically-aligned-center is-layout-flex wp-container-core-columns-is-layout-9d6595d7 wp-block-columns-is-layout-flex\">\n<div class=\"wp-block-column is-vertically-aligned-center is-layout-flow wp-block-column-is-layout-flow\"><div class=\"wp-block-image\">\n<figure class=\"aligncenter size-full\"><a href=\"https:\/\/pano-montpellier-castelnaulelez.fr\" target=\"_blank\" rel=\" noreferrer noopener\"><img loading=\"lazy\" decoding=\"async\" width=\"225\" height=\"225\" src=\"https:\/\/www.lesroutesdelesperance.fr\/wp-content\/uploads\/2025\/09\/Unknown-2.png\" alt=\"\" class=\"wp-image-574\" srcset=\"https:\/\/www.lesroutesdelesperance.fr\/wp-content\/uploads\/2025\/09\/Unknown-2.png 225w, https:\/\/www.lesroutesdelesperance.fr\/wp-content\/uploads\/2025\/09\/Unknown-2-150x150.png 150w, https:\/\/www.lesroutesdelesperance.fr\/wp-content\/uploads\/2025\/09\/Unknown-2-100x100.png 100w\" sizes=\"(max-width: 225px) 100vw, 225px\" \/><\/a><\/figure>\n<\/div><\/div>\n\n\n\n<div class=\"wp-block-column is-vertically-aligned-center is-layout-flow wp-block-column-is-layout-flow\"><div class=\"wp-block-image\">\n<figure class=\"aligncenter size-full\"><a href=\"https:\/\/soundcloud.com\/catharso\" target=\"_blank\" rel=\" noreferrer noopener\"><img loading=\"lazy\" decoding=\"async\" width=\"800\" height=\"235\" src=\"https:\/\/www.lesroutesdelesperance.fr\/wp-content\/uploads\/2025\/09\/shared-image-2.jpg\" alt=\"\" class=\"wp-image-576\" srcset=\"https:\/\/www.lesroutesdelesperance.fr\/wp-content\/uploads\/2025\/09\/shared-image-2.jpg 800w, https:\/\/www.lesroutesdelesperance.fr\/wp-content\/uploads\/2025\/09\/shared-image-2-300x88.jpg 300w, https:\/\/www.lesroutesdelesperance.fr\/wp-content\/uploads\/2025\/09\/shared-image-2-768x226.jpg 768w, https:\/\/www.lesroutesdelesperance.fr\/wp-content\/uploads\/2025\/09\/shared-image-2-600x176.jpg 600w\" sizes=\"(max-width: 800px) 100vw, 800px\" \/><\/a><\/figure>\n<\/div><\/div>\n\n\n\n<div class=\"wp-block-column is-vertically-aligned-center is-layout-flow wp-block-column-is-layout-flow\"><div class=\"wp-block-image\">\n<figure class=\"aligncenter size-full\"><a href=\"https:\/\/soundcloud.com\/boomkrmusic\" target=\"_blank\" rel=\" noreferrer noopener\"><img loading=\"lazy\" decoding=\"async\" width=\"225\" height=\"225\" src=\"https:\/\/www.lesroutesdelesperance.fr\/wp-content\/uploads\/2025\/09\/Unknown-4.jpeg\" alt=\"\" class=\"wp-image-578\" srcset=\"https:\/\/www.lesroutesdelesperance.fr\/wp-content\/uploads\/2025\/09\/Unknown-4.jpeg 225w, https:\/\/www.lesroutesdelesperance.fr\/wp-content\/uploads\/2025\/09\/Unknown-4-150x150.jpeg 150w, https:\/\/www.lesroutesdelesperance.fr\/wp-content\/uploads\/2025\/09\/Unknown-4-100x100.jpeg 100w\" sizes=\"(max-width: 225px) 100vw, 225px\" \/><\/a><\/figure>\n<\/div><\/div>\n<\/div>\n\n\n\n<div style=\"height:39px\" aria-hidden=\"true\" class=\"wp-block-spacer\"><\/div>\n\n\n\n<div style=\"height:39px\" aria-hidden=\"true\" class=\"wp-block-spacer\"><\/div>\n\n\n\n<div class=\"wp-block-columns are-vertically-aligned-center is-layout-flex wp-container-core-columns-is-layout-9d6595d7 wp-block-columns-is-layout-flex\">\n<div class=\"wp-block-column is-vertically-aligned-center is-layout-flow wp-block-column-is-layout-flow\"><div class=\"wp-block-image\">\n<figure class=\"aligncenter size-full\"><a href=\"https:\/\/www.linkedin.com\/showcase\/la-conciergerie-participative-eur%C3%AAka\/\" target=\"_blank\" rel=\" noreferrer noopener\"><img loading=\"lazy\" decoding=\"async\" width=\"265\" height=\"265\" src=\"https:\/\/www.lesroutesdelesperance.fr\/wp-content\/uploads\/2025\/09\/Logo-EurekACT-beige-1.png\" alt=\"\" class=\"wp-image-604\" srcset=\"https:\/\/www.lesroutesdelesperance.fr\/wp-content\/uploads\/2025\/09\/Logo-EurekACT-beige-1.png 265w, https:\/\/www.lesroutesdelesperance.fr\/wp-content\/uploads\/2025\/09\/Logo-EurekACT-beige-1-150x150.png 150w, https:\/\/www.lesroutesdelesperance.fr\/wp-content\/uploads\/2025\/09\/Logo-EurekACT-beige-1-100x100.png 100w\" sizes=\"(max-width: 265px) 100vw, 265px\" \/><\/a><\/figure>\n<\/div><\/div>\n\n\n\n<div class=\"wp-block-column is-vertically-aligned-center is-layout-flow wp-block-column-is-layout-flow\"><div class=\"wp-block-image\">\n<figure class=\"aligncenter size-full\"><a href=\"https:\/\/www.omnipub.net\" target=\"_blank\" rel=\" noreferrer noopener\"><img loading=\"lazy\" decoding=\"async\" width=\"200\" height=\"115\" src=\"https:\/\/www.lesroutesdelesperance.fr\/wp-content\/uploads\/2025\/09\/LOGO-OMNIPUB.jpeg\" alt=\"\" class=\"wp-image-590\"\/><\/a><\/figure>\n<\/div><\/div>\n\n\n\n<div class=\"wp-block-column is-vertically-aligned-center is-layout-flow wp-block-column-is-layout-flow\"><div class=\"wp-block-image\">\n<figure class=\"aligncenter size-full\"><a href=\"https:\/\/www.acfamultimedia.com\/ecole-audiovisuelle?gad_source=1&amp;gad_campaignid=12396447793&amp;gbraid=0AAAAADoIJYXMiRTm4-Aqz4W3y_hdOpwup&amp;gclid=Cj0KCQjw3OjGBhDYARIsADd-uX5OjXy2fsKpbf6BEERkWXeTzwDeiAeaTBffR5jWaab9oi7-l5vDoYoaAukrEALw_wcB\" target=\"_blank\" rel=\" noreferrer noopener\"><img loading=\"lazy\" decoding=\"async\" width=\"200\" height=\"200\" src=\"https:\/\/www.lesroutesdelesperance.fr\/wp-content\/uploads\/2025\/09\/ACFA-logo-1.jpeg\" alt=\"\" class=\"wp-image-722\" srcset=\"https:\/\/www.lesroutesdelesperance.fr\/wp-content\/uploads\/2025\/09\/ACFA-logo-1.jpeg 200w, https:\/\/www.lesroutesdelesperance.fr\/wp-content\/uploads\/2025\/09\/ACFA-logo-1-150x150.jpeg 150w, https:\/\/www.lesroutesdelesperance.fr\/wp-content\/uploads\/2025\/09\/ACFA-logo-1-100x100.jpeg 100w\" sizes=\"(max-width: 200px) 100vw, 200px\" \/><\/a><\/figure>\n<\/div><\/div>\n<\/div>\n\n\n\n<div style=\"height:282px\" aria-hidden=\"true\" class=\"wp-block-spacer\"><\/div>\n\n\n\n<p><\/p>\n\n\n\n<p><\/p>\n\n\n\n<div style=\"height:100px\" aria-hidden=\"true\" class=\"wp-block-spacer\"><\/div>\n\n\n\n<div style=\"height:100px\" aria-hidden=\"true\" class=\"wp-block-spacer\"><\/div>\n","protected":false},"excerpt":{"rendered":"<p>Bienvenue dans notre \u00e9curie ! Expositions autos\/motos anciennes Notre association organise des \u00e9v\u00e8nements autour de v\u00e9hicules anciens d\u2019exception, autos, motos, camions cycles, etc. La liste n&rsquo;est pas exhaustive, tout v\u00e9hicule de plus de 25 ans peut-\u00eatre accept\u00e9 ! Nous organisons [&hellip;]<\/p>\n","protected":false},"author":1,"featured_media":0,"parent":0,"menu_order":0,"comment_status":"closed","ping_status":"closed","template":"","meta":{"footnotes":""},"class_list":["post-29","page","type-page","status-publish","hentry"],"_links":{"self":[{"href":"https:\/\/www.lesroutesdelesperance.fr\/index.php\/wp-json\/wp\/v2\/pages\/29","targetHints":{"allow":["GET"]}}],"collection":[{"href":"https:\/\/www.lesroutesdelesperance.fr\/index.php\/wp-json\/wp\/v2\/pages"}],"about":[{"href":"https:\/\/www.lesroutesdelesperance.fr\/index.php\/wp-json\/wp\/v2\/types\/page"}],"author":[{"embeddable":true,"href":"https:\/\/www.lesroutesdelesperance.fr\/index.php\/wp-json\/wp\/v2\/users\/1"}],"replies":[{"embeddable":true,"href":"https:\/\/www.lesroutesdelesperance.fr\/index.php\/wp-json\/wp\/v2\/comments?post=29"}],"version-history":[{"count":150,"href":"https:\/\/www.lesroutesdelesperance.fr\/index.php\/wp-json\/wp\/v2\/pages\/29\/revisions"}],"predecessor-version":[{"id":1228,"href":"https:\/\/www.lesroutesdelesperance.fr\/index.php\/wp-json\/wp\/v2\/pages\/29\/revisions\/1228"}],"wp:attachment":[{"href":"https:\/\/www.lesroutesdelesperance.fr\/index.php\/wp-json\/wp\/v2\/media?parent=29"}],"curies":[{"name":"wp","href":"https:\/\/api.w.org\/{rel}","templated":true}]}}