{"id":869,"date":"2025-12-04T13:13:13","date_gmt":"2025-12-04T13:13:13","guid":{"rendered":"https:\/\/www.lesroutesdelesperance.fr\/?page_id=869"},"modified":"2026-03-31T08:31:02","modified_gmt":"2026-03-31T08:31:02","slug":"actualites","status":"publish","type":"page","link":"https:\/\/www.lesroutesdelesperance.fr\/index.php\/actualites\/","title":{"rendered":"Actualit\u00e9s"},"content":{"rendered":"\n<h2 class=\"wp-block-heading\">Actualit\u00e9s<\/h2>\n\n\n\n<h3 class=\"wp-block-heading\">29 mars 2026 : Rallye \u00e9nigmatique \u00ab\u00a0Meurtre en pole position\u00a0\u00bb (1\u00e8re \u00e9dition)<\/h3>\n\n\n\n<p>Notre association a organis\u00e9 son premier rallye \u00e9nigmatique \u00ab\u00a0Meurtre en pole position\u00a0\u00bb (\u00e9preuve sur route, non chronom\u00e9tr\u00e9e). Il s&rsquo;agissait pour les participants de r\u00e9soudre une enqu\u00eate, dans le contexte d&rsquo;un grand prix, \u00e9videmment imaginaire. Le parcours \u00e9tait rythm\u00e9 par 8 \u00e9tapes diff\u00e9rentes, \u00e0 l&rsquo;occasion desquelles des \u00e9nigmes devront \u00eatre r\u00e9solues. Le jeu s&rsquo;est d\u00e9roul\u00e9 \u00e0 bord des v\u00e9hicules anciens des participants, qui nous ont r\u00e9gal\u00e9 (Alfa Rom\u00e9o, MG, Ami 6, 2cv Charleston, 2cv Chic, 403 modifi\u00e9e, etc.). Un parcours ludique, convivial et stimulant, qui s&rsquo;e&rsquo;est cl\u00f4ture par un d\u00e9jeuner convivial chez nos amis du Wagon Bleu. Le troph\u00e9e \u00ab\u00a0Pole position 2026\u00a0\u00bb a \u00e9t\u00e9 remis aux vainqueurs, Jennifer et Olivier. Bravo \u00e0 eux ! Ce jeu s&rsquo;inscrit dans la d\u00e9marche globale de notre association : les fonds r\u00e9colt\u00e9s seront destin\u00e9s aux enfants et adolescents atteints du cancer. Le rallye \u00e9nigmatique a \u00e9t\u00e9 fort appr\u00e9ci\u00e9 par les participants, que nous remercions pour leur confiance. Au vu de l&rsquo;\u00e9motion suscit\u00e9e par le jeu, il va de soi qu&rsquo;une seconde \u00e9dition aura lieu en 2027 ! A noter que le jeu peut \u00eatre propos\u00e9 \u00e0 d&rsquo;autres associations de v\u00e9hicules anciens sur demande (formulaire de contact, mail).<\/p>\n\n\n\n<div class=\"wp-block-columns is-layout-flex wp-container-core-columns-is-layout-9d6595d7 wp-block-columns-is-layout-flex\">\n<div class=\"wp-block-column is-layout-flow wp-block-column-is-layout-flow\">\n<figure class=\"wp-block-image size-large\"><img fetchpriority=\"high\" decoding=\"async\" width=\"1024\" height=\"1021\" src=\"https:\/\/www.lesroutesdelesperance.fr\/wp-content\/uploads\/2026\/02\/Affiche-insta-1-1024x1021.jpeg\" alt=\"\" class=\"wp-image-1095\" srcset=\"https:\/\/www.lesroutesdelesperance.fr\/wp-content\/uploads\/2026\/02\/Affiche-insta-1-1024x1021.jpeg 1024w, https:\/\/www.lesroutesdelesperance.fr\/wp-content\/uploads\/2026\/02\/Affiche-insta-1-300x300.jpeg 300w, https:\/\/www.lesroutesdelesperance.fr\/wp-content\/uploads\/2026\/02\/Affiche-insta-1-150x150.jpeg 150w, https:\/\/www.lesroutesdelesperance.fr\/wp-content\/uploads\/2026\/02\/Affiche-insta-1-768x766.jpeg 768w, https:\/\/www.lesroutesdelesperance.fr\/wp-content\/uploads\/2026\/02\/Affiche-insta-1-600x598.jpeg 600w, https:\/\/www.lesroutesdelesperance.fr\/wp-content\/uploads\/2026\/02\/Affiche-insta-1-100x100.jpeg 100w, https:\/\/www.lesroutesdelesperance.fr\/wp-content\/uploads\/2026\/02\/Affiche-insta-1.jpeg 1190w\" sizes=\"(max-width: 1024px) 100vw, 1024px\" \/><\/figure>\n<\/div>\n\n\n\n<div class=\"wp-block-column is-layout-flow wp-block-column-is-layout-flow\">\n<figure class=\"wp-block-image size-large\"><img decoding=\"async\" width=\"1024\" height=\"1020\" src=\"https:\/\/www.lesroutesdelesperance.fr\/wp-content\/uploads\/2026\/02\/Affiche-insta-3.1-3-1024x1020.jpeg\" alt=\"\" class=\"wp-image-1097\" srcset=\"https:\/\/www.lesroutesdelesperance.fr\/wp-content\/uploads\/2026\/02\/Affiche-insta-3.1-3-1024x1020.jpeg 1024w, https:\/\/www.lesroutesdelesperance.fr\/wp-content\/uploads\/2026\/02\/Affiche-insta-3.1-3-300x300.jpeg 300w, https:\/\/www.lesroutesdelesperance.fr\/wp-content\/uploads\/2026\/02\/Affiche-insta-3.1-3-150x150.jpeg 150w, https:\/\/www.lesroutesdelesperance.fr\/wp-content\/uploads\/2026\/02\/Affiche-insta-3.1-3-768x765.jpeg 768w, https:\/\/www.lesroutesdelesperance.fr\/wp-content\/uploads\/2026\/02\/Affiche-insta-3.1-3-600x597.jpeg 600w, https:\/\/www.lesroutesdelesperance.fr\/wp-content\/uploads\/2026\/02\/Affiche-insta-3.1-3-100x100.jpeg 100w, https:\/\/www.lesroutesdelesperance.fr\/wp-content\/uploads\/2026\/02\/Affiche-insta-3.1-3.jpeg 1190w\" sizes=\"(max-width: 1024px) 100vw, 1024px\" \/><\/figure>\n<\/div>\n<\/div>\n\n\n\n<div class=\"wp-block-columns is-layout-flex wp-container-core-columns-is-layout-9d6595d7 wp-block-columns-is-layout-flex\">\n<div class=\"wp-block-column is-layout-flow wp-block-column-is-layout-flow\">\n<figure class=\"wp-block-image size-large\"><img decoding=\"async\" width=\"1024\" height=\"1021\" src=\"https:\/\/www.lesroutesdelesperance.fr\/wp-content\/uploads\/2026\/02\/Affiche-insta-2.1-1024x1021.jpeg\" alt=\"\" class=\"wp-image-906\" srcset=\"https:\/\/www.lesroutesdelesperance.fr\/wp-content\/uploads\/2026\/02\/Affiche-insta-2.1-1024x1021.jpeg 1024w, https:\/\/www.lesroutesdelesperance.fr\/wp-content\/uploads\/2026\/02\/Affiche-insta-2.1-300x300.jpeg 300w, https:\/\/www.lesroutesdelesperance.fr\/wp-content\/uploads\/2026\/02\/Affiche-insta-2.1-150x150.jpeg 150w, https:\/\/www.lesroutesdelesperance.fr\/wp-content\/uploads\/2026\/02\/Affiche-insta-2.1-768x765.jpeg 768w, https:\/\/www.lesroutesdelesperance.fr\/wp-content\/uploads\/2026\/02\/Affiche-insta-2.1-600x598.jpeg 600w, https:\/\/www.lesroutesdelesperance.fr\/wp-content\/uploads\/2026\/02\/Affiche-insta-2.1-100x100.jpeg 100w, https:\/\/www.lesroutesdelesperance.fr\/wp-content\/uploads\/2026\/02\/Affiche-insta-2.1.jpeg 1189w\" sizes=\"(max-width: 1024px) 100vw, 1024px\" \/><\/figure>\n<\/div>\n\n\n\n<div class=\"wp-block-column is-layout-flow wp-block-column-is-layout-flow\">\n<figure class=\"wp-block-image size-large\"><img loading=\"lazy\" decoding=\"async\" width=\"1024\" height=\"1021\" src=\"https:\/\/www.lesroutesdelesperance.fr\/wp-content\/uploads\/2026\/02\/Affiche-insta-4.1-6-1024x1021.jpeg\" alt=\"\" class=\"wp-image-1125\" srcset=\"https:\/\/www.lesroutesdelesperance.fr\/wp-content\/uploads\/2026\/02\/Affiche-insta-4.1-6-1024x1021.jpeg 1024w, https:\/\/www.lesroutesdelesperance.fr\/wp-content\/uploads\/2026\/02\/Affiche-insta-4.1-6-300x300.jpeg 300w, https:\/\/www.lesroutesdelesperance.fr\/wp-content\/uploads\/2026\/02\/Affiche-insta-4.1-6-150x150.jpeg 150w, https:\/\/www.lesroutesdelesperance.fr\/wp-content\/uploads\/2026\/02\/Affiche-insta-4.1-6-768x765.jpeg 768w, https:\/\/www.lesroutesdelesperance.fr\/wp-content\/uploads\/2026\/02\/Affiche-insta-4.1-6-600x598.jpeg 600w, https:\/\/www.lesroutesdelesperance.fr\/wp-content\/uploads\/2026\/02\/Affiche-insta-4.1-6-100x100.jpeg 100w, https:\/\/www.lesroutesdelesperance.fr\/wp-content\/uploads\/2026\/02\/Affiche-insta-4.1-6.jpeg 1190w\" sizes=\"(max-width: 1024px) 100vw, 1024px\" \/><\/figure>\n<\/div>\n<\/div>\n\n\n\n<div style=\"height:100px\" aria-hidden=\"true\" class=\"wp-block-spacer\"><\/div>\n\n\n\n<h3 class=\"wp-block-heading\">22 janvier 2026 : Don de 3000 \u20ac offert par le Lions Club de La Grande-Motte (Intersport Lattes et Prorace Caf\u00e9 Le Cr\u00e8s)<\/h3>\n\n\n\n<p>Le 22 janvier 2025, nous avons \u00e9t\u00e9 invit\u00e9s \u00e0 l&rsquo;h\u00f4telMercure, par le Lions Club de La Grande-Motte, et \u00e0 cette occasion, nous a \u00e9t\u00e9 remis un don d\u2019une valeur de 3000\u20ac, sous forme de bons, offerts par INTERSPORT LATTES (?) et PRORACE CAF\u00c9. Notre association adresse ses plus chaleureux remerciements au Lions Club, et plus particuli\u00e8rement \u00e0 ses g\u00e9n\u00e9reux membres. Ce don est d\u2019une particuli\u00e8re importance pour nous, car il nous soulage d\u2019un poids important : une grande partie de notre investissement humain consiste solliciter des sponsors, et ce don est donc une grande avanc\u00e9e pour nous.<\/p>\n\n\n\n<p>Lorsque vous participerez \u00e0 nos \u00e9v\u00e9nements (expositions, loteries, jeux, etc.), vous aurez donc de grandes chances de remporter des lots INTERSPORT et PRORACE CAFE !<\/p>\n\n\n\n<p>Ceci participe ainsi pleinement \u00e0 notre dessein : organiser des \u00e9v\u00e9nements autours de voitures anciennes pour r\u00e9colter des fonds au b\u00e9n\u00e9fice des enfants et adolescents atteints du cancer. Une pens\u00e9 particuli\u00e8re pour celui qui est \u00e0 l\u2019origine de cette interm\u00e9diation avec le Lions Club, il se reconna\u00eetra.<\/p>\n\n\n\n<p>Un grand merci au Lions Club, son pr\u00e9sident et ses membres forts sympathiques,  et \u00e0 INTERSPORT Lattes et Prorace caf\u00e9 !!<\/p>\n\n\n\n<p>Comme eux, devenez moteurs d\u2019espoir !!<\/p>\n\n\n\n<figure class=\"wp-block-image size-full\"><img loading=\"lazy\" decoding=\"async\" width=\"483\" height=\"646\" src=\"https:\/\/www.lesroutesdelesperance.fr\/wp-content\/uploads\/2026\/02\/Lions-club2-2.1-edited-1.jpeg\" alt=\"\" class=\"wp-image-1007\" srcset=\"https:\/\/www.lesroutesdelesperance.fr\/wp-content\/uploads\/2026\/02\/Lions-club2-2.1-edited-1.jpeg 483w, https:\/\/www.lesroutesdelesperance.fr\/wp-content\/uploads\/2026\/02\/Lions-club2-2.1-edited-1-224x300.jpeg 224w\" sizes=\"(max-width: 483px) 100vw, 483px\" \/><\/figure>\n\n\n\n<div style=\"height:100px\" aria-hidden=\"true\" class=\"wp-block-spacer\"><\/div>\n\n\n\n<h3 class=\"wp-block-heading\">06\/12\/2025 : T\u00e9l\u00e9thon<\/h3>\n\n\n\n<p>Notre association sera pr\u00e9sente au Palais des sport pour le T\u00e9l\u00e9thon. Venez d\u00e9couvrir nos belles anciennes et autres young timer \u00e0 cette occasion !<\/p>\n\n\n\n<div style=\"height:100px\" aria-hidden=\"true\" class=\"wp-block-spacer\"><\/div>\n\n\n\n<h3 class=\"wp-block-heading\">29\/11\/2025 : C\u00e9r\u00e9monie de labellisation de la ville de Castelnau-le-Lez par la FFVE<\/h3>\n\n\n\n<p>L&rsquo;association Les routes de l&rsquo;esp\u00e9rance a \u00e9t\u00e9 pr\u00e9sente en ce samedi 29 novembre, pour la remise du label par la F\u00e9d\u00e9ration Fran\u00e7aise des V\u00e9hicules d&rsquo;Epoque.<\/p>\n\n\n\n<p>Un grand merci \u00e0 la ville de Castelnau-le-Lez pour son engagement, de m\u00eame qu&rsquo;\u00e0 nos amis de l&rsquo;association Castelnauto-Moto qui est \u00e0 l&rsquo;origine de ce beau projet.<\/p>\n\n\n\n<div style=\"height:100px\" aria-hidden=\"true\" class=\"wp-block-spacer\"><\/div>\n\n\n\n<h3 class=\"wp-block-heading\">04\/10\/2025 : Exposition aux halles du verger<\/h3>\n\n\n\n<p>En date du 4 octobre 2025, Les Halles du Verger, \u00e0 Castelnau-le-Lez ont accueilli notre premier \u00e9v\u00e8nement, \u00e0 savoir une exposition de voitures anciennes.<\/p>\n\n\n\n<p>Un moment festif, au cours duquel une grande loterie au profit des enfants et adolescents atteints du cancer a \u00e9t\u00e9 organis\u00e9e.<\/p>\n\n\n\n<p>Le concours d&rsquo;\u00e9l\u00e9gance a permis de mettre en valeur de belles anciennes, qui ont fait la fiert\u00e9 des gagnants, et de faire briller les yeux des petits comme des grands.<\/p>\n\n\n\n<p>Un grand merci \u00e0 tous les participants !<\/p>\n\n\n\n<div style=\"height:100px\" aria-hidden=\"true\" class=\"wp-block-spacer\"><\/div>\n\n\n<div class=\"wp-block-image\">\n<figure class=\"aligncenter size-large\"><img loading=\"lazy\" decoding=\"async\" width=\"724\" height=\"1024\" src=\"https:\/\/www.lesroutesdelesperance.fr\/wp-content\/uploads\/2025\/09\/20251004_Affiche-2-724x1024.jpeg\" alt=\"\" class=\"wp-image-443\" srcset=\"https:\/\/www.lesroutesdelesperance.fr\/wp-content\/uploads\/2025\/09\/20251004_Affiche-2-724x1024.jpeg 724w, https:\/\/www.lesroutesdelesperance.fr\/wp-content\/uploads\/2025\/09\/20251004_Affiche-2-212x300.jpeg 212w, https:\/\/www.lesroutesdelesperance.fr\/wp-content\/uploads\/2025\/09\/20251004_Affiche-2-768x1086.jpeg 768w, https:\/\/www.lesroutesdelesperance.fr\/wp-content\/uploads\/2025\/09\/20251004_Affiche-2-1086x1536.jpeg 1086w, https:\/\/www.lesroutesdelesperance.fr\/wp-content\/uploads\/2025\/09\/20251004_Affiche-2-600x849.jpeg 600w, https:\/\/www.lesroutesdelesperance.fr\/wp-content\/uploads\/2025\/09\/20251004_Affiche-2.jpeg 1190w\" sizes=\"(max-width: 724px) 100vw, 724px\" \/><\/figure>\n<\/div>\n\n\n<h3 class=\"wp-block-heading has-text-align-center\">INFO PRATIQUES<\/h3>\n\n\n\n<h3 class=\"wp-block-heading has-text-align-center\">OU ?<\/h3>\n\n\n\n<p class=\"has-text-align-center\">Halles du verger<\/p>\n\n\n\n<p class=\"has-text-align-center\">320 Rue Averro\u00e8s<\/p>\n\n\n\n<p class=\"has-text-align-center\">34170 Castelnau-le-Lez<\/p>\n\n\n\n<p class=\"has-text-align-center\">Lien google maps :<\/p>\n\n\n\n<p class=\"has-text-align-center\"><a href=\"https:\/\/www.google.com\/maps\/place\/Halles+du+Verger+-+Terroir+%26+producteurs+d'Occitanie\/@43.6223983,3.9179441,17z\/data=!3m1!4b1!4m6!3m5!1s0x12b6a52148086511:0xb9e3094f1910c252!8m2!3d43.6223983!4d3.9179441!16s%2Fg%2F11qb87bwnp?entry=ttu&amp;g_ep=EgoyMDI1MDkyMy4wIKXMDSoASAFQAw%3D%3D\" target=\"_blank\" rel=\"noreferrer noopener\">cliquez ICI<\/a><\/p>\n\n\n\n<p class=\"has-text-align-center\">Tram-bus : Verchant<\/p>\n\n\n\n<h3 class=\"wp-block-heading has-text-align-center\">QUAND ?<\/h3>\n\n\n\n<p class=\"has-text-align-center\">Samedi 4 octobre 2025 de 12h \u00e0 20h<\/p>\n\n\n\n<h3 class=\"wp-block-heading has-text-align-center\">COMBIEN ?<\/h3>\n\n\n\n<p class=\"has-text-align-center\">Gratuit pour le public, gratuit pour les exposant<\/p>\n\n\n\n<p class=\"has-text-align-center\">Ticket loterie : 3 \u20ac<\/p>\n\n\n\n<h3 class=\"wp-block-heading has-text-align-center\">POURQUOI ?<\/h3>\n\n\n\n<p class=\"has-text-align-center\">Parce qu\u2019on aime les automobiles anciennes et qu\u2019on veut se rendre utiles pour des enfants et adolescents qui ont un cancer.<\/p>\n\n\n\n<div style=\"height:289px\" aria-hidden=\"true\" class=\"wp-block-spacer\"><\/div>\n","protected":false},"excerpt":{"rendered":"<p>Actualit\u00e9s 29 mars 2026 : Rallye \u00e9nigmatique \u00ab\u00a0Meurtre en pole position\u00a0\u00bb (1\u00e8re \u00e9dition) Notre association a organis\u00e9 son premier rallye \u00e9nigmatique \u00ab\u00a0Meurtre en pole position\u00a0\u00bb (\u00e9preuve sur route, non chronom\u00e9tr\u00e9e). Il s&rsquo;agissait pour les participants de r\u00e9soudre une enqu\u00eate, dans [&hellip;]<\/p>\n","protected":false},"author":1,"featured_media":0,"parent":0,"menu_order":0,"comment_status":"closed","ping_status":"closed","template":"","meta":{"footnotes":""},"class_list":["post-869","page","type-page","status-publish","hentry"],"_links":{"self":[{"href":"https:\/\/www.lesroutesdelesperance.fr\/index.php\/wp-json\/wp\/v2\/pages\/869","targetHints":{"allow":["GET"]}}],"collection":[{"href":"https:\/\/www.lesroutesdelesperance.fr\/index.php\/wp-json\/wp\/v2\/pages"}],"about":[{"href":"https:\/\/www.lesroutesdelesperance.fr\/index.php\/wp-json\/wp\/v2\/types\/page"}],"author":[{"embeddable":true,"href":"https:\/\/www.lesroutesdelesperance.fr\/index.php\/wp-json\/wp\/v2\/users\/1"}],"replies":[{"embeddable":true,"href":"https:\/\/www.lesroutesdelesperance.fr\/index.php\/wp-json\/wp\/v2\/comments?post=869"}],"version-history":[{"count":15,"href":"https:\/\/www.lesroutesdelesperance.fr\/index.php\/wp-json\/wp\/v2\/pages\/869\/revisions"}],"predecessor-version":[{"id":1235,"href":"https:\/\/www.lesroutesdelesperance.fr\/index.php\/wp-json\/wp\/v2\/pages\/869\/revisions\/1235"}],"wp:attachment":[{"href":"https:\/\/www.lesroutesdelesperance.fr\/index.php\/wp-json\/wp\/v2\/media?parent=869"}],"curies":[{"name":"wp","href":"https:\/\/api.w.org\/{rel}","templated":true}]}}