{"id":1116,"date":"2026-02-16T09:03:51","date_gmt":"2026-02-16T09:03:51","guid":{"rendered":"https:\/\/www.lesroutesdelesperance.fr\/?post_type=product&#038;p=1116"},"modified":"2026-03-09T07:14:49","modified_gmt":"2026-03-09T07:14:49","slug":"billet-individuel-meurtre-en-pole-position","status":"publish","type":"product","link":"https:\/\/www.lesroutesdelesperance.fr\/index.php\/product\/billet-individuel-meurtre-en-pole-position\/","title":{"rendered":"Billet individuel \u00ab\u00a0Meurtre en pole position\u00a0\u00bb (pr\u00e9vente)"},"content":{"rendered":"<p><strong>Billet individuel valable pour 1 adulte participant au jeu \u00ab\u00a0Meurtre en pole position\u00a0\u00bb le 29 mars 2026 (\u00e0 partir de 09h00).<\/strong><br \/>\nTarif valable en pr\u00e9vente jusqu&rsquo;au 8 mars 2026.<br \/>\n<strong>Inclus dans votre billet :<\/strong><br \/>\n\u2022 Participation au jeu (dur\u00e9e : 2h30 environ)<br \/>\n\u2022 Don au b\u00e9n\u00e9fice des enfants atteints du cancer<br \/>\n\u2022 D\u00e9jeuner convivial : entr\u00e9e, plat, fromage, dessert (boissons non incluses)<br \/>\n<strong>Toute personne inscrite et participant au jeu avec son propre v\u00e9hicule devra justifier des \u00e9l\u00e9ments suivants :<\/strong><br \/>\n&#8211; Permis de conduire du conducteur en cours de validit\u00e9<br \/>\n&#8211; Permis de conduire en cours de validit\u00e9 de tout conducteur rempla\u00e7ant<br \/>\n&#8211; L\u2019autorisation par \u00e9crit du propri\u00e9taire du v\u00e9hicule s\u2019il n\u2019est pas \u00e0 bord<br \/>\n&#8211; Carte grise en cours de validit\u00e9<br \/>\n&#8211; Attestation d\u2019assurance du v\u00e9hicule, en cours de validit\u00e9<br \/>\n&#8211; Certificat de contr\u00f4le technique en cours de validit\u00e9<br \/>\n<strong>\u00a0Jeu r\u00e9serv\u00e9 aux personnes majeures.<\/strong><\/p>\n","protected":false},"excerpt":{"rendered":"<p><strong>Billet individuel valable pour 1 adulte participant au jeu \u00ab\u00a0Meurtre en pole position\u00a0\u00bb le 29 mars 2026 (\u00e0 partir de 09h00).<\/strong><br \/>\nTarif valable en pr\u00e9vente jusqu&rsquo;au 8 mars 2026.<br \/>\n<strong>Inclus dans votre billet :<\/strong><br \/>\n\u2022 Participation au jeu (dur\u00e9e : 2h30 environ)<br \/>\n\u2022 Don au b\u00e9n\u00e9fice des enfants atteints du cancer<br \/>\n\u2022 D\u00e9jeuner convivial : entr\u00e9e, plat, fromage, dessert (boissons non incluses)<\/p>\n","protected":false},"featured_media":1194,"template":"","meta":[],"product_brand":[],"product_cat":[26],"product_tag":[],"class_list":{"0":"post-1116","1":"product","2":"type-product","3":"status-publish","4":"has-post-thumbnail","6":"product_cat-jeu","8":"first","9":"outofstock","10":"virtual","11":"purchasable","12":"product-type-simple"},"_links":{"self":[{"href":"https:\/\/www.lesroutesdelesperance.fr\/index.php\/wp-json\/wp\/v2\/product\/1116","targetHints":{"allow":["GET"]}}],"collection":[{"href":"https:\/\/www.lesroutesdelesperance.fr\/index.php\/wp-json\/wp\/v2\/product"}],"about":[{"href":"https:\/\/www.lesroutesdelesperance.fr\/index.php\/wp-json\/wp\/v2\/types\/product"}],"wp:featuredmedia":[{"embeddable":true,"href":"https:\/\/www.lesroutesdelesperance.fr\/index.php\/wp-json\/wp\/v2\/media\/1194"}],"wp:attachment":[{"href":"https:\/\/www.lesroutesdelesperance.fr\/index.php\/wp-json\/wp\/v2\/media?parent=1116"}],"wp:term":[{"taxonomy":"product_brand","embeddable":true,"href":"https:\/\/www.lesroutesdelesperance.fr\/index.php\/wp-json\/wp\/v2\/product_brand?post=1116"},{"taxonomy":"product_cat","embeddable":true,"href":"https:\/\/www.lesroutesdelesperance.fr\/index.php\/wp-json\/wp\/v2\/product_cat?post=1116"},{"taxonomy":"product_tag","embeddable":true,"href":"https:\/\/www.lesroutesdelesperance.fr\/index.php\/wp-json\/wp\/v2\/product_tag?post=1116"}],"curies":[{"name":"wp","href":"https:\/\/api.w.org\/{rel}","templated":true}]}}