{"id":118,"date":"2025-08-29T19:56:13","date_gmt":"2025-08-29T19:56:13","guid":{"rendered":"http:\/\/www.lesroutesdelesperance.fr\/?post_type=product&#038;p=118"},"modified":"2025-09-19T22:04:46","modified_gmt":"2025-09-19T22:04:46","slug":"don-20-e","status":"publish","type":"product","link":"https:\/\/www.lesroutesdelesperance.fr\/index.php\/product\/don-20-e\/","title":{"rendered":"DON 20 \u20ac"},"content":{"rendered":"<p>Soutenir notre association en faisant un don de 20 \u20ac.<\/p>\n<p>D\u00e9duction fiscale : 13,20 \u20ac (votre don de 20 \u20ac ne vous co\u00fbte que<strong> 6,80 \u20ac<\/strong>)<\/p>\n<p>Un re\u00e7u fiscal peut vous \u00eatre transmis sur simple demande par mail avant le 15 d\u00e9cembre (LRDEASSO@GMAIL.COM).<\/p>\n","protected":false},"excerpt":{"rendered":"<p>Soutenir notre association en faisant un don de 20 \u20ac. D\u00e9duction fiscale : 13,20 \u20ac (votre don de 20 \u20ac ne vous co\u00fbte que 6,80 \u20ac) Un re\u00e7u fiscal peut vous \u00eatre transmis sur simple demande par mail avant le [&hellip;]<\/p>\n","protected":false},"featured_media":119,"template":"","meta":[],"product_brand":[],"product_cat":[22],"product_tag":[],"class_list":{"0":"post-118","1":"product","2":"type-product","3":"status-publish","4":"has-post-thumbnail","6":"product_cat-don","8":"first","9":"instock","10":"featured","11":"virtual","12":"purchasable","13":"product-type-simple"},"_links":{"self":[{"href":"https:\/\/www.lesroutesdelesperance.fr\/index.php\/wp-json\/wp\/v2\/product\/118","targetHints":{"allow":["GET"]}}],"collection":[{"href":"https:\/\/www.lesroutesdelesperance.fr\/index.php\/wp-json\/wp\/v2\/product"}],"about":[{"href":"https:\/\/www.lesroutesdelesperance.fr\/index.php\/wp-json\/wp\/v2\/types\/product"}],"wp:featuredmedia":[{"embeddable":true,"href":"https:\/\/www.lesroutesdelesperance.fr\/index.php\/wp-json\/wp\/v2\/media\/119"}],"wp:attachment":[{"href":"https:\/\/www.lesroutesdelesperance.fr\/index.php\/wp-json\/wp\/v2\/media?parent=118"}],"wp:term":[{"taxonomy":"product_brand","embeddable":true,"href":"https:\/\/www.lesroutesdelesperance.fr\/index.php\/wp-json\/wp\/v2\/product_brand?post=118"},{"taxonomy":"product_cat","embeddable":true,"href":"https:\/\/www.lesroutesdelesperance.fr\/index.php\/wp-json\/wp\/v2\/product_cat?post=118"},{"taxonomy":"product_tag","embeddable":true,"href":"https:\/\/www.lesroutesdelesperance.fr\/index.php\/wp-json\/wp\/v2\/product_tag?post=118"}],"curies":[{"name":"wp","href":"https:\/\/api.w.org\/{rel}","templated":true}]}}