{"id":802,"date":"2025-10-03T12:29:19","date_gmt":"2025-10-03T12:29:19","guid":{"rendered":"https:\/\/www.lesroutesdelesperance.fr\/?post_type=product&#038;p=802"},"modified":"2025-10-06T08:49:19","modified_gmt":"2025-10-06T08:49:19","slug":"tickets-x2","status":"publish","type":"product","link":"https:\/\/www.lesroutesdelesperance.fr\/index.php\/product\/tickets-x2\/","title":{"rendered":"Tickets x2"},"content":{"rendered":"<p>Lot de 2 tickets. Merci de bien pr\u00e9ciser vos coordonn\u00e9es (nom, pr\u00e9nom, num\u00e9ro de t\u00e9l\u00e9phone).<\/p>\n","protected":false},"excerpt":{"rendered":"<p>Lot de 2 tickets. Merci de bien pr\u00e9ciser vos coordonn\u00e9es (nom, pr\u00e9nom, num\u00e9ro de t\u00e9l\u00e9phone).<\/p>\n","protected":false},"featured_media":803,"template":"","meta":[],"product_brand":[],"product_cat":[25],"product_tag":[],"class_list":{"0":"post-802","1":"product","2":"type-product","3":"status-publish","4":"has-post-thumbnail","6":"product_cat-tickets","8":"first","9":"outofstock","10":"virtual","11":"purchasable","12":"product-type-simple"},"_links":{"self":[{"href":"https:\/\/www.lesroutesdelesperance.fr\/index.php\/wp-json\/wp\/v2\/product\/802","targetHints":{"allow":["GET"]}}],"collection":[{"href":"https:\/\/www.lesroutesdelesperance.fr\/index.php\/wp-json\/wp\/v2\/product"}],"about":[{"href":"https:\/\/www.lesroutesdelesperance.fr\/index.php\/wp-json\/wp\/v2\/types\/product"}],"wp:featuredmedia":[{"embeddable":true,"href":"https:\/\/www.lesroutesdelesperance.fr\/index.php\/wp-json\/wp\/v2\/media\/803"}],"wp:attachment":[{"href":"https:\/\/www.lesroutesdelesperance.fr\/index.php\/wp-json\/wp\/v2\/media?parent=802"}],"wp:term":[{"taxonomy":"product_brand","embeddable":true,"href":"https:\/\/www.lesroutesdelesperance.fr\/index.php\/wp-json\/wp\/v2\/product_brand?post=802"},{"taxonomy":"product_cat","embeddable":true,"href":"https:\/\/www.lesroutesdelesperance.fr\/index.php\/wp-json\/wp\/v2\/product_cat?post=802"},{"taxonomy":"product_tag","embeddable":true,"href":"https:\/\/www.lesroutesdelesperance.fr\/index.php\/wp-json\/wp\/v2\/product_tag?post=802"}],"curies":[{"name":"wp","href":"https:\/\/api.w.org\/{rel}","templated":true}]}}