{"id":805,"date":"2025-10-03T12:31:20","date_gmt":"2025-10-03T12:31:20","guid":{"rendered":"https:\/\/www.lesroutesdelesperance.fr\/?post_type=product&#038;p=805"},"modified":"2025-10-06T08:49:04","modified_gmt":"2025-10-06T08:49:04","slug":"tickets-x4","status":"publish","type":"product","link":"https:\/\/www.lesroutesdelesperance.fr\/index.php\/product\/tickets-x4\/","title":{"rendered":"Tickets x4"},"content":{"rendered":"<div class=\"qodef-content\">\n<div class=\"qodef-content-inner\">\n<div class=\"qodef-container\">\n<div class=\"qodef-container-inner clearfix\">\n<div id=\"product-802\" class=\"product type-product post-802 status-publish first instock product_cat-tickets has-post-thumbnail shipping-taxable purchasable product-type-simple\">\n<div class=\"woocommerce-tabs wc-tabs-wrapper\">\n<div id=\"tab-description\" class=\"woocommerce-Tabs-panel woocommerce-Tabs-panel--description panel entry-content wc-tab\" role=\"tabpanel\" aria-labelledby=\"tab-title-description\">\n<p>Lot de 4 tickets. Merci de bien pr\u00e9ciser vos coordonn\u00e9es (nom, pr\u00e9nom, num\u00e9ro de t\u00e9l\u00e9phone).<\/p>\n<\/div>\n<\/div>\n<\/div>\n<\/div>\n<\/div>\n<\/div>\n<\/div>\n<footer class=\"qodef-page-footer \">\n<div class=\"qodef-footer-top-holder\">\n<div class=\"qodef-footer-top-inner qodef-grid\">\n<div class=\"qodef-grid-row qodef-footer-top-alignment-left\">\n<div class=\"qodef-column-content qodef-grid-col-3\">\n<div id=\"block-10\" class=\"widget qodef-footer-column-1 widget_block\"><\/div>\n<\/div>\n<\/div>\n<\/div>\n<\/div>\n<\/footer>\n","protected":false},"excerpt":{"rendered":"<p>Lot de 4 tickets. Merci de bien pr\u00e9ciser vos coordonn\u00e9es (nom, pr\u00e9nom, num\u00e9ro de t\u00e9l\u00e9phone).<\/p>\n","protected":false},"featured_media":804,"template":"","meta":[],"product_brand":[],"product_cat":[25],"product_tag":[],"class_list":{"0":"post-805","1":"product","2":"type-product","3":"status-publish","4":"has-post-thumbnail","6":"product_cat-tickets","8":"first","9":"outofstock","10":"virtual","11":"purchasable","12":"product-type-simple"},"_links":{"self":[{"href":"https:\/\/www.lesroutesdelesperance.fr\/index.php\/wp-json\/wp\/v2\/product\/805","targetHints":{"allow":["GET"]}}],"collection":[{"href":"https:\/\/www.lesroutesdelesperance.fr\/index.php\/wp-json\/wp\/v2\/product"}],"about":[{"href":"https:\/\/www.lesroutesdelesperance.fr\/index.php\/wp-json\/wp\/v2\/types\/product"}],"wp:featuredmedia":[{"embeddable":true,"href":"https:\/\/www.lesroutesdelesperance.fr\/index.php\/wp-json\/wp\/v2\/media\/804"}],"wp:attachment":[{"href":"https:\/\/www.lesroutesdelesperance.fr\/index.php\/wp-json\/wp\/v2\/media?parent=805"}],"wp:term":[{"taxonomy":"product_brand","embeddable":true,"href":"https:\/\/www.lesroutesdelesperance.fr\/index.php\/wp-json\/wp\/v2\/product_brand?post=805"},{"taxonomy":"product_cat","embeddable":true,"href":"https:\/\/www.lesroutesdelesperance.fr\/index.php\/wp-json\/wp\/v2\/product_cat?post=805"},{"taxonomy":"product_tag","embeddable":true,"href":"https:\/\/www.lesroutesdelesperance.fr\/index.php\/wp-json\/wp\/v2\/product_tag?post=805"}],"curies":[{"name":"wp","href":"https:\/\/api.w.org\/{rel}","templated":true}]}}